{"id":787,"date":"2025-11-15T17:52:08","date_gmt":"2025-11-15T16:52:08","guid":{"rendered":"http:\/\/revolverino.pl\/product\/corset-top-raw-cotton\/"},"modified":"2026-03-14T08:47:31","modified_gmt":"2026-03-14T07:47:31","slug":"bialy-gorset-top-klasyczny-fason-upcycled","status":"publish","type":"product","link":"https:\/\/revolverino.pl\/sv\/product\/bialy-gorset-top-klasyczny-fason-upcycled\/","title":{"rendered":"Vit korsett formskuren, upcycled"},"content":{"rendered":"<p>Denna korsetttopp \u00e4r tillverkad av tjock, v\u00e4vd \u00e5tervunnen bomull med sn\u00f6rning baktill. En tidl\u00f6s, klassisk design med karakt\u00e4r \u2013 tygets r\u00e5a textur ger den en modern, minimalistisk k\u00e4nsla. Korsetten kan \u00e4ven b\u00e4ras ut och in, vilket skapar tv\u00e5 olika stylingalternativ. <\/p>\n<p>En unik design finns endast i ett exemplar.<\/p>\n<p>Korsetten inneh\u00e5ller ben \u2013 tv\u00e4tta inte i maskin.<\/p>\n<p>Modellen \u00e4r 167 cm l\u00e5ng och b\u00e4r vanligtvis storlek XS.<\/p>","protected":false},"excerpt":{"rendered":"<p>Vit korsett av r\u00e5, v\u00e4vd bomull<\/p>","protected":false},"featured_media":932,"comment_status":"closed","ping_status":"closed","template":"","meta":{"_acf_changed":false},"product_brand":[200],"product_cat":[237],"product_tag":[199],"class_list":{"0":"post-787","1":"product","2":"type-product","3":"status-publish","4":"has-post-thumbnail","6":"product_brand-revolverino","7":"product_cat-gorsety","8":"product_tag-kobieta","9":"pa_condition-new-upcycled","10":"pa_material-upcycled-cotton","12":"first","13":"instock","14":"purchasable","15":"product-type-simple"},"acf":[],"_links":{"self":[{"href":"https:\/\/revolverino.pl\/sv\/wp-json\/wp\/v2\/product\/787","targetHints":{"allow":["GET"]}}],"collection":[{"href":"https:\/\/revolverino.pl\/sv\/wp-json\/wp\/v2\/product"}],"about":[{"href":"https:\/\/revolverino.pl\/sv\/wp-json\/wp\/v2\/types\/product"}],"replies":[{"embeddable":true,"href":"https:\/\/revolverino.pl\/sv\/wp-json\/wp\/v2\/comments?post=787"}],"wp:featuredmedia":[{"embeddable":true,"href":"https:\/\/revolverino.pl\/sv\/wp-json\/wp\/v2\/media\/932"}],"wp:attachment":[{"href":"https:\/\/revolverino.pl\/sv\/wp-json\/wp\/v2\/media?parent=787"}],"wp:term":[{"taxonomy":"product_brand","embeddable":true,"href":"https:\/\/revolverino.pl\/sv\/wp-json\/wp\/v2\/product_brand?post=787"},{"taxonomy":"product_cat","embeddable":true,"href":"https:\/\/revolverino.pl\/sv\/wp-json\/wp\/v2\/product_cat?post=787"},{"taxonomy":"product_tag","embeddable":true,"href":"https:\/\/revolverino.pl\/sv\/wp-json\/wp\/v2\/product_tag?post=787"}],"curies":[{"name":"wp","href":"https:\/\/api.w.org\/{rel}","templated":true}]}}