{"id":785,"date":"2025-11-15T17:52:08","date_gmt":"2025-11-15T16:52:08","guid":{"rendered":"http:\/\/revolverino.pl\/product\/mini-dress-zero-waste\/"},"modified":"2026-03-14T08:47:25","modified_gmt":"2026-03-14T07:47:25","slug":"mini-asymmetrisk-utsvangd-klanning-zero-waste","status":"publish","type":"product","link":"https:\/\/revolverino.pl\/sv\/product\/mini-asymmetrisk-utsvangd-klanning-zero-waste\/","title":{"rendered":"Asymmetrisk utsv\u00e4ngd minikl\u00e4nning - zero waste"},"content":{"rendered":"<p>Den h\u00e4r kl\u00e4nningen \u00e4r inte tillverkad av nytt tyg \u2013 och det \u00e4r just det som g\u00f6r den unik. Den asymmetriska minikl\u00e4nningen med utsv\u00e4ngd sk\u00e4rning har en noll-avfallsdesign: tillverkad helt av \u00f6verblivna tyger som annars skulle hamna i soporna. Varje tygstycke har noggrant \u00f6verv\u00e4gts och arrangerats f\u00f6r att skapa en sammanh\u00e4ngande, feminin silhuett \u2013 med karakt\u00e4r och historia. Den asymmetriska f\u00e5llen ger kl\u00e4nningen en touch av l\u00e4tthet och r\u00f6relse, medan knytbandet bak framh\u00e4ver midjan och m\u00f6jligg\u00f6r en skr\u00e4ddarsydd passform. Finns endast i ett enda stycke \u2013 n\u00e4r det \u00e4r slut, \u00e4r det slut.<\/p>\n<p>Detaljer:<br \/>\nSk\u00e4rning: mini, utsv\u00e4ngd, asymmetrisk<br \/>\nSt\u00e4ngning: sn\u00f6rning baktill<br \/>\nMaterial: tygrester (noll avfall \/ upcycling)<br \/>\nProduktion: individuell, unik<br \/>\nModell: l\u00e4ngd 167 cm, b\u00e4r storlek XS<\/p>","protected":false},"excerpt":{"rendered":"<p>\u00c5tervunnen utsv\u00e4ngd minikl\u00e4nning med asymmetrisk sk\u00e4rning \u2013 tillverkad av tygrester, i ett unikt stycke.<\/p>","protected":false},"featured_media":940,"comment_status":"closed","ping_status":"closed","template":"","meta":{"_acf_changed":false},"product_brand":[200],"product_cat":[236],"product_tag":[199],"class_list":{"0":"post-785","1":"product","2":"type-product","3":"status-publish","4":"has-post-thumbnail","6":"product_brand-revolverino","7":"product_cat-sukienki","8":"product_tag-kobieta","9":"pa_condition-new-upcycled","10":"pa_material-approximately-90-denim-10-polyester-lining-100-tencel","12":"first","13":"instock","14":"purchasable","15":"product-type-simple"},"acf":[],"_links":{"self":[{"href":"https:\/\/revolverino.pl\/sv\/wp-json\/wp\/v2\/product\/785","targetHints":{"allow":["GET"]}}],"collection":[{"href":"https:\/\/revolverino.pl\/sv\/wp-json\/wp\/v2\/product"}],"about":[{"href":"https:\/\/revolverino.pl\/sv\/wp-json\/wp\/v2\/types\/product"}],"replies":[{"embeddable":true,"href":"https:\/\/revolverino.pl\/sv\/wp-json\/wp\/v2\/comments?post=785"}],"wp:featuredmedia":[{"embeddable":true,"href":"https:\/\/revolverino.pl\/sv\/wp-json\/wp\/v2\/media\/940"}],"wp:attachment":[{"href":"https:\/\/revolverino.pl\/sv\/wp-json\/wp\/v2\/media?parent=785"}],"wp:term":[{"taxonomy":"product_brand","embeddable":true,"href":"https:\/\/revolverino.pl\/sv\/wp-json\/wp\/v2\/product_brand?post=785"},{"taxonomy":"product_cat","embeddable":true,"href":"https:\/\/revolverino.pl\/sv\/wp-json\/wp\/v2\/product_cat?post=785"},{"taxonomy":"product_tag","embeddable":true,"href":"https:\/\/revolverino.pl\/sv\/wp-json\/wp\/v2\/product_tag?post=785"}],"curies":[{"name":"wp","href":"https:\/\/api.w.org\/{rel}","templated":true}]}}