{"id":3400,"date":"2026-05-05T18:55:33","date_gmt":"2026-05-05T16:55:33","guid":{"rendered":"https:\/\/revolverino.pl\/?post_type=product&#038;p=3400"},"modified":"2026-05-05T19:03:39","modified_gmt":"2026-05-05T17:03:39","slug":"bluza-dziecieca-z-recyklingu-szara-mitologia-nordycka-life-journey","status":"publish","type":"product","link":"https:\/\/revolverino.pl\/sv\/product\/bluza-dziecieca-z-recyklingu-szara-mitologia-nordycka-life-journey\/","title":{"rendered":"Barns gr\u00e5 tr\u00f6ja i \u00e5tervunnen f\u00e4rg, nordisk mytologi, livsresa"},"content":{"rendered":"<p>Denna hoodie gl\u00e4der barn med sitt mjuka tyg och avslappnade design. V\u00e5r favorithoodie \u00e4r tillverkad av \u00e5tervunnen bomull och \u00e5tervunna plastflaskor. Insidan \u00e4r tillverkad av mjuk, borstad jersey. Hoodien har bekv\u00e4ma raglan\u00e4rmar och en rak passform. Den \u00f6verdimensionerade huvan har ribbade muddar tillverkade av \u00f6verfl\u00f6digt garn f\u00f6r att minska spill. F\u00e5llen och \u00e4rmh\u00e5len \u00e4r ribbade. Denna hoodie passar b\u00e5de flickor och pojkar och \u00e4r ansvarsfullt tillverkad i v\u00e5r fabrik i Indien.<\/p>\n<p>Tillverkad av \u00e5tervunnet material.<br \/>\n60% \u00e5tervunnen bomull<br \/>\n40% \u00e5tervunnen polyester<\/p>\n<p>Observera att v\u00e5r \u00e5tervinningsprocess inte \u00e4r helt exakt, och v\u00e5ra produkter kan inneh\u00e5lla sm\u00e5 m\u00e4ngder fibrer i varierande f\u00e4rger. I m\u00f6rka f\u00e4rger sticker inte fibrer i varierande f\u00e4rger ut, men i ljusa f\u00e4rger \u00e4r de mer synliga. F\u00f6r oss \u00e4r dessa sm\u00e5 f\u00e4rgade fibrer i v\u00e5rt tyg en egenskap som p\u00e5minner oss om v\u00e5ra produkters unika ursprung. P\u00e5 grund av v\u00e5r tillverkningsprocess kan sm\u00e5 nyansvariationer f\u00f6rekomma inom tyger i samma f\u00e4rg. Vi f\u00e4rgar inte v\u00e5ra produkter; tygets f\u00e4rg kommer fr\u00e5n f\u00e4rgen p\u00e5 det avfallsmaterial som anv\u00e4nds i dess produktion.<\/p>\n<p>Produktens milj\u00f6p\u00e5verkan:<br \/>\nVattenf\u00f6rbrukning 1,5 l<br \/>\nKoldioxidutsl\u00e4pp 1,4 kg<br \/>\nVatten sparat 1746 l<br \/>\nKoldioxid sparades 1,2 kg<\/p>\n<p>99% mindre vatten och 50% mindre koldioxidutsl\u00e4pp j\u00e4mf\u00f6rt med produkter tillverkade av jungfruliga r\u00e5varor.<\/p>","protected":false},"excerpt":{"rendered":"<p>Ta kompozycja symbolizuje odrodzenie. Cz\u0142owiek do\u015bwiadcza b\u00f3lu, kt\u00f3ry mo\u017ce by\u0107 fizyczny lub emocjonalny. Drapi\u0105ce pazury rozdzieraj\u0105 nasz\u0105 zewn\u0119trzn\u0105 i wewn\u0119trzn\u0105 sk\u00f3r\u0119. Natura jednak daje nam lekcj\u0119: \u015bwiat kwiat\u00f3w odradza si\u0119 w ka\u017cdym sezonie. Mo\u017cemy nauczy\u0107 si\u0119 odradza\u0107, przezwyci\u0119\u017ca\u0107 trudno\u015bci. Pierwotna si\u0142a centralnej runy to w\u0142a\u015bnie ta energia. Po przej\u015bciu tego cyklu osi\u0105gamy now\u0105 \u015bwiadomo\u015b\u0107: m\u0105dro\u015b\u0107.<br \/>\n&#8211; Vindur Art<\/p>","protected":false},"featured_media":1277,"comment_status":"closed","ping_status":"closed","template":"","meta":{"_acf_changed":false},"product_brand":[201],"product_cat":[235,251],"product_tag":[195],"class_list":{"0":"post-3400","1":"product","2":"type-product","3":"status-publish","4":"has-post-thumbnail","6":"product_brand-pure-waste","7":"product_cat-bluzy-z-recyklingu","8":"product_cat-nordyckie-wikingowe","9":"product_tag-dziecko","11":"first","12":"instock","13":"purchasable","14":"product-type-variable"},"acf":[],"_links":{"self":[{"href":"https:\/\/revolverino.pl\/sv\/wp-json\/wp\/v2\/product\/3400","targetHints":{"allow":["GET"]}}],"collection":[{"href":"https:\/\/revolverino.pl\/sv\/wp-json\/wp\/v2\/product"}],"about":[{"href":"https:\/\/revolverino.pl\/sv\/wp-json\/wp\/v2\/types\/product"}],"replies":[{"embeddable":true,"href":"https:\/\/revolverino.pl\/sv\/wp-json\/wp\/v2\/comments?post=3400"}],"wp:featuredmedia":[{"embeddable":true,"href":"https:\/\/revolverino.pl\/sv\/wp-json\/wp\/v2\/media\/1277"}],"wp:attachment":[{"href":"https:\/\/revolverino.pl\/sv\/wp-json\/wp\/v2\/media?parent=3400"}],"wp:term":[{"taxonomy":"product_brand","embeddable":true,"href":"https:\/\/revolverino.pl\/sv\/wp-json\/wp\/v2\/product_brand?post=3400"},{"taxonomy":"product_cat","embeddable":true,"href":"https:\/\/revolverino.pl\/sv\/wp-json\/wp\/v2\/product_cat?post=3400"},{"taxonomy":"product_tag","embeddable":true,"href":"https:\/\/revolverino.pl\/sv\/wp-json\/wp\/v2\/product_tag?post=3400"}],"curies":[{"name":"wp","href":"https:\/\/api.w.org\/{rel}","templated":true}]}}