{"id":3351,"date":"2026-05-01T22:15:58","date_gmt":"2026-05-01T20:15:58","guid":{"rendered":"https:\/\/revolverino.pl\/?post_type=product&#038;p=3351"},"modified":"2026-05-01T22:17:56","modified_gmt":"2026-05-01T20:17:56","slug":"torba-bawelniana-z-recyklingu-zodiak-byk-japonski-kanji","status":"publish","type":"product","link":"https:\/\/revolverino.pl\/sv\/product\/torba-bawelniana-z-recyklingu-zodiak-byk-japonski-kanji\/","title":{"rendered":"Torba bawe\u0142niana z recyklingu &#8211; Zodiak Byk &#8211; Japo\u0144ski Kanji"},"content":{"rendered":"<p>No\u015b przy sobie wszystko, co wa\u017cne &#8211; w torbie, kt\u00f3ra sama w sobie jest wyborem. Nasza wytrzyma\u0142a torba bawe\u0142niana (tote bag) wykonana jest w 100% z materia\u0142\u00f3w z recyklingu. Z\u0142\u00f3\u017c j\u0105 i wrzu\u0107 do plecaka jako zapasow\u0105 pojemno\u015b\u0107 &#8211; albo no\u015b na co dzie\u0144 jako g\u0142\u00f3wn\u0105 torb\u0119.<\/p>\n<p>Storlek: 41 x 45 cm.<\/p>\n<p>J\u00e4mf\u00f6rt med en produkt tillverkad av jungfruliga r\u00e5varor anv\u00e4nder en v\u00e4ska tillverkad av \u00e5tervunnet material 99% mindre vatten och genererar 50% f\u00e4rre koldioxidutsl\u00e4pp. V\u00e4skan tillverkas ansvarsfullt i v\u00e5r fabrik i Indien, med endast \u00e5tervunnet material.<\/p>\n<p>Sk\u0142ad: 60% recyklingowana bawe\u0142na, 40% recyklingowany poliester<\/p>\n<p>Observera: v\u00e5r \u00e5tervinningsprocess \u00e4r inte helt korrekt \u2013 produkter kan inneh\u00e5lla sm\u00e5 m\u00e4ngder fibrer i olika f\u00e4rger. Dessa fibrer \u00e4r osynliga i m\u00f6rka tyger, men kan vara mer synliga i ljusa. F\u00f6r oss \u00e4r dessa f\u00e4rgade fibrer ett tecken p\u00e5 produktens identitet \u2013 ett bevis p\u00e5 dess unika karakt\u00e4r och ursprung. P\u00e5 grund av tillverkningsprocessen kan sm\u00e5 nyansskillnader ocks\u00e5 f\u00f6rekomma mellan produkter i samma f\u00e4rg. Vi f\u00e4rgar inte v\u00e5ra produkter \u2013 tygets f\u00e4rg kommer direkt fr\u00e5n det avfallsmaterial som anv\u00e4nds f\u00f6r att tillverka det.<\/p>\n<p>Produktens ekologiska fotavtryck:<br \/>\nVattenf\u00f6rbrukning: -2,4 l<br \/>\nKoldioxidutsl\u00e4pp: 0,5 kg CO<br \/>\nVattenbesparing: 677 l<br \/>\nCO\u2082-besparing: 0,5 kg<\/p>","protected":false},"excerpt":{"rendered":"<p>Torba przyjazna dla \u015brodowiska z grafik\u0105 inspirowan\u0105 zodiakalnym Bykiem w japo\u0144skim stylu vintage Ukiyo-e z napisami kanji, autorstwa Tunc, dost\u0119pna ekskluzywnie w Revolverino.<\/p>\n<p>Znaczenie napis\u00f3w kanji:<\/p>\n<ul>\n<li data-path-to-node=\"2,0,0\"><b data-path-to-node=\"2,0,0\" data-index-in-node=\"0\">\u7261\u725b\u5ea7 (Oushiza):<\/b>\u00a0Tjur<\/li>\n<li data-path-to-node=\"2,1,0\"><b data-path-to-node=\"2,1,0\" data-index-in-node=\"0\">\u5fcd\u8010 (Nintai):<\/b>\u00a0T\u00e5lamod \/ Uth\u00e5llighet<\/li>\n<li data-path-to-node=\"2,2,0\"><b data-path-to-node=\"2,2,0\" data-index-in-node=\"0\">\u5b89\u5b9a (Antei):<\/b>\u00a0Stabilitet<\/li>\n<li data-path-to-node=\"2,3,0\"><b data-path-to-node=\"2,3,0\" data-index-in-node=\"0\">\u5fe0\u8aa0 (Ch\u016bsei):<\/b>\u00a0Lojalitet \/ Trofasthet<\/li>\n<\/ul>","protected":false},"featured_media":3236,"comment_status":"closed","ping_status":"closed","template":"","meta":{"_acf_changed":false},"product_brand":[201],"product_cat":[256],"product_tag":[195,199,198],"class_list":{"0":"post-3351","1":"product","2":"type-product","3":"status-publish","4":"has-post-thumbnail","6":"product_brand-pure-waste","7":"product_cat-zodiak-kanji-torby","8":"product_tag-dziecko","9":"product_tag-kobieta","10":"product_tag-mezczyzna","12":"first","13":"instock","14":"purchasable","15":"product-type-variable"},"acf":[],"_links":{"self":[{"href":"https:\/\/revolverino.pl\/sv\/wp-json\/wp\/v2\/product\/3351","targetHints":{"allow":["GET"]}}],"collection":[{"href":"https:\/\/revolverino.pl\/sv\/wp-json\/wp\/v2\/product"}],"about":[{"href":"https:\/\/revolverino.pl\/sv\/wp-json\/wp\/v2\/types\/product"}],"replies":[{"embeddable":true,"href":"https:\/\/revolverino.pl\/sv\/wp-json\/wp\/v2\/comments?post=3351"}],"wp:featuredmedia":[{"embeddable":true,"href":"https:\/\/revolverino.pl\/sv\/wp-json\/wp\/v2\/media\/3236"}],"wp:attachment":[{"href":"https:\/\/revolverino.pl\/sv\/wp-json\/wp\/v2\/media?parent=3351"}],"wp:term":[{"taxonomy":"product_brand","embeddable":true,"href":"https:\/\/revolverino.pl\/sv\/wp-json\/wp\/v2\/product_brand?post=3351"},{"taxonomy":"product_cat","embeddable":true,"href":"https:\/\/revolverino.pl\/sv\/wp-json\/wp\/v2\/product_cat?post=3351"},{"taxonomy":"product_tag","embeddable":true,"href":"https:\/\/revolverino.pl\/sv\/wp-json\/wp\/v2\/product_tag?post=3351"}],"curies":[{"name":"wp","href":"https:\/\/api.w.org\/{rel}","templated":true}]}}