{"id":3341,"date":"2026-05-01T20:46:39","date_gmt":"2026-05-01T18:46:39","guid":{"rendered":"https:\/\/revolverino.pl\/?post_type=product&#038;p=3341"},"modified":"2026-05-01T20:47:23","modified_gmt":"2026-05-01T18:47:23","slug":"bluza-dziecieca-szara-zodiak-byk-japonski-kanji","status":"publish","type":"product","link":"https:\/\/revolverino.pl\/sv\/product\/bluza-dziecieca-szara-zodiak-byk-japonski-kanji\/","title":{"rendered":"Barntr\u00f6ja, gr\u00e5 - Oxens stj\u00e4rntecken - japansk kanji"},"content":{"rendered":"<p>Denna hoodie gl\u00e4der barn med sitt mjuka tyg och avslappnade design. V\u00e5r favorithoodie \u00e4r tillverkad av \u00e5tervunnen bomull och \u00e5tervunna plastflaskor. Insidan \u00e4r tillverkad av mjuk, borstad jersey. Hoodien har bekv\u00e4ma raglan\u00e4rmar och en rak passform. Den \u00f6verdimensionerade huvan har ribbade muddar tillverkade av \u00f6verfl\u00f6digt garn f\u00f6r att minska spill. F\u00e5llen och \u00e4rmh\u00e5len \u00e4r ribbade. Denna hoodie passar b\u00e5de flickor och pojkar och \u00e4r ansvarsfullt tillverkad i Indien.<\/p>\n<p>Tillverkad av \u00e5tervunnet material.<br \/>\n60% \u00e5tervunnen bomull<br \/>\n40% \u00e5tervunnen polyester<\/p>\n<p>Observera att v\u00e5r \u00e5tervinningsprocess inte \u00e4r helt exakt, och v\u00e5ra produkter kan inneh\u00e5lla sm\u00e5 m\u00e4ngder fibrer i varierande f\u00e4rger. I m\u00f6rka f\u00e4rger sticker inte fibrer i varierande f\u00e4rger ut, men i ljusa f\u00e4rger \u00e4r de mer synliga. F\u00f6r oss \u00e4r dessa sm\u00e5 f\u00e4rgade fibrer i v\u00e5rt tyg en egenskap som p\u00e5minner oss om v\u00e5ra produkters unika ursprung. P\u00e5 grund av v\u00e5r tillverkningsprocess kan sm\u00e5 nyansvariationer f\u00f6rekomma inom tyger i samma f\u00e4rg. Vi f\u00e4rgar inte v\u00e5ra produkter; tygets f\u00e4rg kommer fr\u00e5n f\u00e4rgen p\u00e5 det avfallsmaterial som anv\u00e4nds i dess produktion.<\/p>\n<p>Produktens milj\u00f6p\u00e5verkan:<br \/>\nVattenf\u00f6rbrukning 1,5 l<br \/>\nKoldioxidutsl\u00e4pp 1,4 kg<br \/>\nVatten sparat 1746 l<br \/>\nKoldioxid sparades 1,2 kg<\/p>\n<p>99% mindre vatten och 50% mindre koldioxidutsl\u00e4pp j\u00e4mf\u00f6rt med produkter tillverkade av jungfruliga r\u00e5varor.<\/p>","protected":false},"excerpt":{"rendered":"<p>Szara bluza dla dzieci junior z grafik\u0105 inspirowan\u0105 zodiakalnym Bykiem w japo\u0144skim stylu vintage Ukiyo-e z napisami kanji, autorstwa Tunc, dost\u0119pna ekskluzywnie w Revolverino.<\/p>\n<p>Znaczenie napis\u00f3w kanji:<\/p>\n<ul>\n<li data-path-to-node=\"2,0,0\"><b data-path-to-node=\"2,0,0\" data-index-in-node=\"0\">\u7261\u725b\u5ea7 (Oushiza):<\/b>\u00a0Tjur<\/li>\n<li data-path-to-node=\"2,1,0\"><b data-path-to-node=\"2,1,0\" data-index-in-node=\"0\">\u5fcd\u8010 (Nintai):<\/b>\u00a0T\u00e5lamod \/ Uth\u00e5llighet<\/li>\n<li data-path-to-node=\"2,2,0\"><b data-path-to-node=\"2,2,0\" data-index-in-node=\"0\">\u5b89\u5b9a (Antei):<\/b>\u00a0Stabilitet<\/li>\n<li data-path-to-node=\"2,3,0\"><b data-path-to-node=\"2,3,0\" data-index-in-node=\"0\">\u5fe0\u8aa0 (Ch\u016bsei):<\/b>\u00a0Lojalitet \/ Trofasthet<\/li>\n<\/ul>","protected":false},"featured_media":3214,"comment_status":"closed","ping_status":"closed","template":"","meta":{"_acf_changed":false},"product_brand":[201],"product_cat":[252],"product_tag":[195],"class_list":{"0":"post-3341","1":"product","2":"type-product","3":"status-publish","4":"has-post-thumbnail","6":"product_brand-pure-waste","7":"product_cat-zodiak-kanji","8":"product_tag-dziecko","10":"first","11":"instock","12":"purchasable","13":"product-type-variable"},"acf":[],"_links":{"self":[{"href":"https:\/\/revolverino.pl\/sv\/wp-json\/wp\/v2\/product\/3341","targetHints":{"allow":["GET"]}}],"collection":[{"href":"https:\/\/revolverino.pl\/sv\/wp-json\/wp\/v2\/product"}],"about":[{"href":"https:\/\/revolverino.pl\/sv\/wp-json\/wp\/v2\/types\/product"}],"replies":[{"embeddable":true,"href":"https:\/\/revolverino.pl\/sv\/wp-json\/wp\/v2\/comments?post=3341"}],"wp:featuredmedia":[{"embeddable":true,"href":"https:\/\/revolverino.pl\/sv\/wp-json\/wp\/v2\/media\/3214"}],"wp:attachment":[{"href":"https:\/\/revolverino.pl\/sv\/wp-json\/wp\/v2\/media?parent=3341"}],"wp:term":[{"taxonomy":"product_brand","embeddable":true,"href":"https:\/\/revolverino.pl\/sv\/wp-json\/wp\/v2\/product_brand?post=3341"},{"taxonomy":"product_cat","embeddable":true,"href":"https:\/\/revolverino.pl\/sv\/wp-json\/wp\/v2\/product_cat?post=3341"},{"taxonomy":"product_tag","embeddable":true,"href":"https:\/\/revolverino.pl\/sv\/wp-json\/wp\/v2\/product_tag?post=3341"}],"curies":[{"name":"wp","href":"https:\/\/api.w.org\/{rel}","templated":true}]}}