{"id":3125,"date":"2026-05-01T14:46:30","date_gmt":"2026-05-01T12:46:30","guid":{"rendered":"https:\/\/revolverino.pl\/?post_type=product&#038;p=3125"},"modified":"2026-05-01T14:47:53","modified_gmt":"2026-05-01T12:47:53","slug":"t-shirt-dzieciecy-z-recyklingu-czarny-zodiak-baran-japonski-kanji","status":"publish","type":"product","link":"https:\/\/revolverino.pl\/sv\/product\/t-shirt-dzieciecy-z-recyklingu-czarny-zodiak-baran-japonski-kanji\/","title":{"rendered":"\u00c5tervunnen svart barn-T-shirt \u2013 V\u00e4duren stj\u00e4rntecken \u2013 Japansk Kanji"},"content":{"rendered":"<p>V\u00e5r popul\u00e4ra Pure Waste barn-T-shirt, tillverkad av \u00e5tervunnet material och designad f\u00f6r h\u00e5llbarhet, har en rak passform och normal l\u00e4ngd. Den har en smal ribbad rund halsringning. Unisexmodell \u2013 passar b\u00e5de flickor och pojkar. Ansvarsfullt tillverkad i Indien.<\/p>\n<p>60% \u00e5tervunnen bomull<br \/>\n40% \u00e5tervunnen polyester<\/p>\n<p>Observera att v\u00e5ra produkter inte \u00e4r f\u00e4rgade, utan snarare antar f\u00e4rgen fr\u00e5n \u00e5tervunna tyger. D\u00e4rf\u00f6r kan de inneh\u00e5lla sm\u00e5 m\u00e4ngder fibrer i varierande f\u00e4rger. Dessa fibrer syns inte i m\u00f6rka f\u00e4rger, men kan vara mer m\u00e4rkbara i ljusare f\u00e4rger. F\u00f6r oss \u00e4r dessa f\u00e4rgade fibrer ett utm\u00e4rkande drag som p\u00e5minner oss om v\u00e5ra produkters unika ursprung.<\/p>\n<p>Produktens ekologiska p\u00e5verkan:<br \/>\nVattenf\u00f6rbrukning: 0,6 l<br \/>\nKoldioxidutsl\u00e4pp: 0,5 kg<br \/>\nVattenbesparing: 641 l<br \/>\nCO\u2082-besparing: 0,4 kg<\/p>\n<p>99% mindre vatten och 50% mindre CO\u2082-utsl\u00e4pp j\u00e4mf\u00f6rt med produkter tillverkade av jungfruliga r\u00e5varor.<\/p>","protected":false},"excerpt":{"rendered":"<p>Czarna koszulka dla dzieci z grafik\u0105 zodiakalnych Ryb w japo\u0144skim stylu Ukiyo-e z napisami kanji, autorstwa Tunc, dost\u0119pna ekskluzywnie w Revolverino.<\/p>\n<p>Znaczenie napis\u00f3w kanji:<\/p>\n<ul>\n<li data-path-to-node=\"2,0,0\"><b data-path-to-node=\"2,0,0\" data-index-in-node=\"0\">\u7261\u7f8a\u5ea7 (Ohy\u014dza \/ Ohitsujiza):<\/b>\u00a0V\u00e4duren<\/li>\n<li data-path-to-node=\"2,1,0\"><b data-path-to-node=\"2,1,0\" data-index-in-node=\"0\">\u52c7\u6c17 (Y\u016bki):<\/b>\u00a0Mod<\/li>\n<li data-path-to-node=\"2,2,0\"><b data-path-to-node=\"2,2,0\" data-index-in-node=\"0\">\u60c5\u71b1 (J\u014dnetsu):<\/b>\u00a0Passion \/ Entusiasm<\/li>\n<li data-path-to-node=\"2,3,0\"><b data-path-to-node=\"2,3,0\" data-index-in-node=\"0\">\u958b\u62d3 (Kaitaku):<\/b>\u00a0Banbrytande \/ Banbrytande<\/li>\n<\/ul>","protected":false},"featured_media":3112,"comment_status":"closed","ping_status":"closed","template":"","meta":{"_acf_changed":false},"product_brand":[201],"product_cat":[254],"product_tag":[195],"class_list":{"0":"post-3125","1":"product","2":"type-product","3":"status-publish","4":"has-post-thumbnail","6":"product_brand-pure-waste","7":"product_cat-zodiak-kanji-koszulki","8":"product_tag-dziecko","10":"first","11":"instock","12":"purchasable","13":"product-type-variable"},"acf":[],"_links":{"self":[{"href":"https:\/\/revolverino.pl\/sv\/wp-json\/wp\/v2\/product\/3125","targetHints":{"allow":["GET"]}}],"collection":[{"href":"https:\/\/revolverino.pl\/sv\/wp-json\/wp\/v2\/product"}],"about":[{"href":"https:\/\/revolverino.pl\/sv\/wp-json\/wp\/v2\/types\/product"}],"replies":[{"embeddable":true,"href":"https:\/\/revolverino.pl\/sv\/wp-json\/wp\/v2\/comments?post=3125"}],"wp:featuredmedia":[{"embeddable":true,"href":"https:\/\/revolverino.pl\/sv\/wp-json\/wp\/v2\/media\/3112"}],"wp:attachment":[{"href":"https:\/\/revolverino.pl\/sv\/wp-json\/wp\/v2\/media?parent=3125"}],"wp:term":[{"taxonomy":"product_brand","embeddable":true,"href":"https:\/\/revolverino.pl\/sv\/wp-json\/wp\/v2\/product_brand?post=3125"},{"taxonomy":"product_cat","embeddable":true,"href":"https:\/\/revolverino.pl\/sv\/wp-json\/wp\/v2\/product_cat?post=3125"},{"taxonomy":"product_tag","embeddable":true,"href":"https:\/\/revolverino.pl\/sv\/wp-json\/wp\/v2\/product_tag?post=3125"}],"curies":[{"name":"wp","href":"https:\/\/api.w.org\/{rel}","templated":true}]}}