{"id":3077,"date":"2026-05-01T14:23:29","date_gmt":"2026-05-01T12:23:29","guid":{"rendered":"https:\/\/revolverino.pl\/?post_type=product&#038;p=3077"},"modified":"2026-05-01T14:24:36","modified_gmt":"2026-05-01T12:24:36","slug":"bluza-oversized-z-recyklingu-czarna-zodiak-waga-japonski-kanji","status":"publish","type":"product","link":"https:\/\/revolverino.pl\/sv\/product\/bluza-oversized-z-recyklingu-czarna-zodiak-waga-japonski-kanji\/","title":{"rendered":"\u00c5tervunnen \u00f6verdimensionerad svart tr\u00f6ja \u2013 V\u00e5gen stj\u00e4rntecken \u2013 Japansk Kanji"},"content":{"rendered":"<p>V\u00e5r Loose Fit-tr\u00f6ja har en avslappnad, rak passform och en dubbelfodrad huva. Den gener\u00f6st tilltagna, robusta huvan har dragsko gjorda av \u00f6verfl\u00f6digt stickat garn f\u00f6r att minska spill. Den har s\u00e4nkta axlar och en mjuk, borstad jerseyf\u00f6ring. Tr\u00f6jan \u00e4r tillverkad av \u00e5tervunnet 100%-tyg. Vi f\u00e4rgar inte v\u00e5ra produkter; ist\u00e4llet kommer f\u00e4rgerna fr\u00e5n det bomullsavfall de \u00e4r gjorda av. Denna tr\u00f6ja \u00e4r ansvarsfullt tillverkad i Indien.<\/p>\n<p>60% \u00e5tervunnen bomull<br \/>\n40% \u00e5tervunnen polyester<\/p>\n<p>Observera att v\u00e5ra produkter kan inneh\u00e5lla sm\u00e5 m\u00e4ngder fibrer i varierande f\u00e4rger p\u00e5 grund av \u00e5tervinningsprocessen. I m\u00f6rka f\u00e4rger \u00e4r fibrer i varierande f\u00e4rger mindre synliga, men i ljusare f\u00e4rger \u00e4r de mer synliga. F\u00f6r oss \u00e4r dessa sm\u00e5 f\u00e4rgade fibrer i v\u00e5ra tyger en egenskap som p\u00e5minner oss om v\u00e5ra produkters unika ursprung. P\u00e5 grund av v\u00e5r tillverkningsprocess kan tyger i samma f\u00e4rg variera n\u00e5got i nyans. Vi f\u00e4rgar inte v\u00e5ra produkter; tygets f\u00e4rg kommer fr\u00e5n f\u00e4rgen p\u00e5 det avfallsmaterial som anv\u00e4nds i dess produktion.<\/p>\n<p>Produktens ekologiska p\u00e5verkan<br \/>\nVattenf\u00f6rbrukning: 3,3 l<br \/>\nKoldioxidutsl\u00e4pp: 3,0 kg<br \/>\nVattenbesparing: 3812 l<br \/>\nSparad koldioxid: 2,6 kg<\/p>\n<p>Vattenf\u00f6rbrukning: 99% mindre och koldioxidutsl\u00e4pp: 50% mindre j\u00e4mf\u00f6rt med produkter tillverkade av jungfruliga r\u00e5varor.<\/p>","protected":false},"excerpt":{"rendered":"<p>Bluza z kapturem loose fit z materia\u0142\u00f3w z recyklingu z grafik\u0105 zodiakalnych Ryb. Inspirowana astrologi\u0105, w japo\u0144skim stylu vintage Ukiyo-e z napisami kanji, autorstwa Tunc, dost\u0119pna ekskluzywnie w Revolverino.<\/p>\n<p>Znaczenie napis\u00f3w kanji:<\/p>\n<ul>\n<li><b data-path-to-node=\"2,0,0\" data-index-in-node=\"0\">\u5929\u79e4\u5ea7 (Tenbinza):<\/b>\u00a0Waga<\/li>\n<\/ul>","protected":false},"featured_media":3013,"comment_status":"closed","ping_status":"closed","template":"","meta":{"_acf_changed":false},"product_brand":[201],"product_cat":[252],"product_tag":[199,198],"class_list":{"0":"post-3077","1":"product","2":"type-product","3":"status-publish","4":"has-post-thumbnail","6":"product_brand-pure-waste","7":"product_cat-zodiak-kanji","8":"product_tag-kobieta","9":"product_tag-mezczyzna","11":"first","12":"instock","13":"purchasable","14":"product-type-variable"},"acf":[],"_links":{"self":[{"href":"https:\/\/revolverino.pl\/sv\/wp-json\/wp\/v2\/product\/3077","targetHints":{"allow":["GET"]}}],"collection":[{"href":"https:\/\/revolverino.pl\/sv\/wp-json\/wp\/v2\/product"}],"about":[{"href":"https:\/\/revolverino.pl\/sv\/wp-json\/wp\/v2\/types\/product"}],"replies":[{"embeddable":true,"href":"https:\/\/revolverino.pl\/sv\/wp-json\/wp\/v2\/comments?post=3077"}],"wp:featuredmedia":[{"embeddable":true,"href":"https:\/\/revolverino.pl\/sv\/wp-json\/wp\/v2\/media\/3013"}],"wp:attachment":[{"href":"https:\/\/revolverino.pl\/sv\/wp-json\/wp\/v2\/media?parent=3077"}],"wp:term":[{"taxonomy":"product_brand","embeddable":true,"href":"https:\/\/revolverino.pl\/sv\/wp-json\/wp\/v2\/product_brand?post=3077"},{"taxonomy":"product_cat","embeddable":true,"href":"https:\/\/revolverino.pl\/sv\/wp-json\/wp\/v2\/product_cat?post=3077"},{"taxonomy":"product_tag","embeddable":true,"href":"https:\/\/revolverino.pl\/sv\/wp-json\/wp\/v2\/product_tag?post=3077"}],"curies":[{"name":"wp","href":"https:\/\/api.w.org\/{rel}","templated":true}]}}