{"id":2890,"date":"2026-04-30T22:07:17","date_gmt":"2026-04-30T20:07:17","guid":{"rendered":"https:\/\/revolverino.pl\/?post_type=product&#038;p=2890"},"modified":"2026-04-30T22:08:25","modified_gmt":"2026-04-30T20:08:25","slug":"t-shirt-luzny-z-recyklingu-czarny-zodiak-baran-japonski-kanji","status":"publish","type":"product","link":"https:\/\/revolverino.pl\/sv\/product\/t-shirt-luzny-z-recyklingu-czarny-zodiak-baran-japonski-kanji\/","title":{"rendered":"T-shirt lu\u017any z recyklingu, czarny &#8211; Zodiak Baran &#8211; Japo\u0144ski Kanji"},"content":{"rendered":"<p>Den l\u00f6sa och avslappnade unisex-T-shirten fr\u00e5n Pure Waste passar alla. Den runda halsringningen avslutas med en bred ribbad mudd.<br \/>\nT-shirt jest wykonany z bawe\u0142ny z odpad\u00f3w prekonsumenckich i plastikowych butelek pochodz\u0105cych z recyklingu. Nasze koszulki nie s\u0105 farbowane; kolor produktu zale\u017cy od koloru odpad\u00f3w bawe\u0142nianych, z kt\u00f3rych s\u0105 wykonane. Te ekologiczne T-shirty s\u0105 produkowane odpowiedzialnie i etycznie w Indiach. Wykonane z surowc\u00f3w pochodz\u0105cych z recyklingu.<br \/>\n\u2022 60% \u00e5tervunnen bomull<br \/>\n\u2022 40% \u00e5tervunnen polyester<\/p>\n<p>Nale\u017cy pami\u0119ta\u0107, \u017ce z uwagi na proces recyklingu, nasze produkty mog\u0105 zawiera\u0107 niewielkie ilo\u015bci r\u00f3\u017cnokolorowych w\u0142\u00f3kien. Dla nas te ma\u0142e kolorowe w\u0142\u00f3kna w naszych tkaninach s\u0105 cech\u0105, kt\u00f3ra przypomina nam o wyj\u0105tkowo\u015bci i pochodzeniu naszych produkt\u00f3w.<br \/>\nProduktens p\u00e5verkan p\u00e5 milj\u00f6n:<br \/>\nVattenf\u00f6rbrukning: 1,2 l<br \/>\nKoldioxidutsl\u00e4pp: 1,1 kg<br \/>\nVattenbesparing: 1425 l<br \/>\nSparad koldioxid: 1,0 kg<\/p>\n<p>99% mindre vatten och 50% mindre koldioxidutsl\u00e4pp j\u00e4mf\u00f6rt med produkter tillverkade av jungfruliga r\u00e5varor.<\/p>","protected":false},"excerpt":{"rendered":"<p>Czarna koszulka oversized z grafik\u0105 zodiakalnego Barana w japo\u0144skim stylu Ukiyo-e z napisami kanji, autorstwa Tunc.<\/p>","protected":false},"featured_media":2851,"comment_status":"closed","ping_status":"closed","template":"","meta":{"_acf_changed":false},"product_brand":[201],"product_cat":[254],"product_tag":[199,198],"class_list":{"0":"post-2890","1":"product","2":"type-product","3":"status-publish","4":"has-post-thumbnail","6":"product_brand-pure-waste","7":"product_cat-zodiak-kanji-koszulki","8":"product_tag-kobieta","9":"product_tag-mezczyzna","11":"first","12":"instock","13":"purchasable","14":"product-type-variable"},"acf":[],"_links":{"self":[{"href":"https:\/\/revolverino.pl\/sv\/wp-json\/wp\/v2\/product\/2890","targetHints":{"allow":["GET"]}}],"collection":[{"href":"https:\/\/revolverino.pl\/sv\/wp-json\/wp\/v2\/product"}],"about":[{"href":"https:\/\/revolverino.pl\/sv\/wp-json\/wp\/v2\/types\/product"}],"replies":[{"embeddable":true,"href":"https:\/\/revolverino.pl\/sv\/wp-json\/wp\/v2\/comments?post=2890"}],"wp:featuredmedia":[{"embeddable":true,"href":"https:\/\/revolverino.pl\/sv\/wp-json\/wp\/v2\/media\/2851"}],"wp:attachment":[{"href":"https:\/\/revolverino.pl\/sv\/wp-json\/wp\/v2\/media?parent=2890"}],"wp:term":[{"taxonomy":"product_brand","embeddable":true,"href":"https:\/\/revolverino.pl\/sv\/wp-json\/wp\/v2\/product_brand?post=2890"},{"taxonomy":"product_cat","embeddable":true,"href":"https:\/\/revolverino.pl\/sv\/wp-json\/wp\/v2\/product_cat?post=2890"},{"taxonomy":"product_tag","embeddable":true,"href":"https:\/\/revolverino.pl\/sv\/wp-json\/wp\/v2\/product_tag?post=2890"}],"curies":[{"name":"wp","href":"https:\/\/api.w.org\/{rel}","templated":true}]}}