{"id":2748,"date":"2026-04-23T18:54:24","date_gmt":"2026-04-23T16:54:24","guid":{"rendered":"https:\/\/revolverino.pl\/?post_type=product&#038;p=2748"},"modified":"2026-04-23T18:54:24","modified_gmt":"2026-04-23T16:54:24","slug":"szal-dlugi-bezowy-z-wiskozy","status":"publish","type":"product","link":"https:\/\/revolverino.pl\/sv\/product\/szal-dlugi-bezowy-z-wiskozy\/","title":{"rendered":"Szal d\u0142ugi be\u017cowy z wiskozy"},"content":{"rendered":"<p>Lekki damski szal wykonany w 100% z wiskozy, w tym z w\u0142\u00f3kien pochodz\u0105cych z recyklingu odpad\u00f3w przemys\u0142owych oraz wiskozy LENZING\u2122 ECOVERO\u2122. Jego d\u0142ugi, w\u0105ski kszta\u0142t sprawia, \u017ce jest elegancki i wszechstronny &#8211; idealny do zawi\u0105zania wok\u00f3\u0142 szyi, narzucenia na ramiona lub jako kolorowy akcent dope\u0142niaj\u0105cy stylizacj\u0119.<\/p>\n<p>Szal damski o g\u0142adkim splocie (plain knit), zapewniaj\u0105cy mi\u0119kko\u015b\u0107 i delikatno\u015b\u0107 w kontakcie ze sk\u00f3r\u0105.<\/p>\n<p>Gramatura: 136 g<\/p>\n<p>Sk\u0142ad:<br \/>\n20% wiskoza z recyklingu przedkonsumpcyjnego z certyfikatem GRS (Global Recycled Standard), 80% wiskoza LENZING\u2122 ECOVERO\u2122. Czysty sk\u0142ad tego produktu sprawia, \u017ce nadaje si\u0119 on do ponownego recyklingu.<\/p>\n<p>Piel\u0119gnacja: Zalecane pranie r\u0119czne w zimnej wodzie. Prasowa\u0107 w niskich temperaturach. Nie pra\u0107 chemicznie, nie suszy\u0107 w suszarce.<\/p>\n<p>Wyprodukowano etycznie w Toskanii, W\u0142ochy.<\/p>","protected":false},"excerpt":{"rendered":"<p>Elegancki be\u017cowy szal w z wiskoz\u0105 z recyklingu<\/p>","protected":false},"featured_media":2749,"comment_status":"open","ping_status":"closed","template":"","meta":{"_acf_changed":false},"product_brand":[246],"product_cat":[250,16],"product_tag":[199],"class_list":{"0":"post-2748","1":"product","2":"type-product","3":"status-publish","4":"has-post-thumbnail","6":"product_brand-rifo","7":"product_cat-knitwear","8":"product_cat-uncategorized","9":"product_tag-kobieta","11":"first","12":"instock","13":"taxable","14":"shipping-taxable","15":"purchasable","16":"product-type-simple"},"acf":[],"_links":{"self":[{"href":"https:\/\/revolverino.pl\/sv\/wp-json\/wp\/v2\/product\/2748","targetHints":{"allow":["GET"]}}],"collection":[{"href":"https:\/\/revolverino.pl\/sv\/wp-json\/wp\/v2\/product"}],"about":[{"href":"https:\/\/revolverino.pl\/sv\/wp-json\/wp\/v2\/types\/product"}],"replies":[{"embeddable":true,"href":"https:\/\/revolverino.pl\/sv\/wp-json\/wp\/v2\/comments?post=2748"}],"wp:featuredmedia":[{"embeddable":true,"href":"https:\/\/revolverino.pl\/sv\/wp-json\/wp\/v2\/media\/2749"}],"wp:attachment":[{"href":"https:\/\/revolverino.pl\/sv\/wp-json\/wp\/v2\/media?parent=2748"}],"wp:term":[{"taxonomy":"product_brand","embeddable":true,"href":"https:\/\/revolverino.pl\/sv\/wp-json\/wp\/v2\/product_brand?post=2748"},{"taxonomy":"product_cat","embeddable":true,"href":"https:\/\/revolverino.pl\/sv\/wp-json\/wp\/v2\/product_cat?post=2748"},{"taxonomy":"product_tag","embeddable":true,"href":"https:\/\/revolverino.pl\/sv\/wp-json\/wp\/v2\/product_tag?post=2748"}],"curies":[{"name":"wp","href":"https:\/\/api.w.org\/{rel}","templated":true}]}}