{"id":2712,"date":"2026-04-08T18:10:15","date_gmt":"2026-04-08T16:10:15","guid":{"rendered":"https:\/\/revolverino.pl\/?post_type=product&#038;p=2712"},"modified":"2026-04-23T18:59:16","modified_gmt":"2026-04-23T16:59:16","slug":"sweterek-z-jedwabiu-z-recyklingu","status":"publish","type":"product","link":"https:\/\/revolverino.pl\/sv\/product\/sweterek-z-jedwabiu-z-recyklingu\/","title":{"rendered":"Sweterek z jedwabiu z recyklingu"},"content":{"rendered":"<p>Elegancki sweter damski wykonany z jedwabiu z recyklingu, kt\u00f3ry \u0142\u0105czy w sobie ponadczasowy styl z nowoczesnym podej\u015bciem do ekologii. Charakteryzuje si\u0119 subtelnym dekoltem w \u0142\u00f3dk\u0119 oraz swobodnym fasonem (relaxed fit), kt\u00f3ry zapewnia wygod\u0119 i lekko\u015b\u0107. D\u0142ugie r\u0119kawy o zw\u0119\u017canej linii nadaj\u0105 sylwetce smuk\u0142o\u015bci i wyrafinowania.<\/p>\n<p>Sweter zosta\u0142 wykonany innowacyjn\u0105 technologi\u0105 seamless (bezszwow\u0105), co oznacza, \u017ce ca\u0142y produkt powstaje jako jedna ca\u0142o\u015b\u0107. Dzi\u0119ki temu proces produkcji jest ca\u0142kowicie bezodpadowy (zero-waste), a brak szw\u00f3w gwarantuje najwy\u017cszy komfort noszenia i idealne uk\u0142adanie si\u0119 materia\u0142u na ciele.<\/p>\n<p>Jedwab z recyklingu to materia\u0142 termoregulacyjny \u2013 zim\u0105 zatrzymuje ciep\u0142o, a latem daje przyjemne uczucie ch\u0142odu, dzi\u0119ki czemu sweterek jest idealnym wyborem na ka\u017cd\u0105 por\u0119 roku.<\/p>\n<p>Szczeg\u00f3\u0142y produktu<br \/>\nDekolt w \u0142\u00f3dk\u0119 nadaj\u0105cy elegancji<br \/>\nBezszwowa konstrukcja dla maksymalnego komfortu<br \/>\nGramatura: 155 g<br \/>\nMateria\u0142: 100% jedwab z recyklingu &#8222;cruelty-free&#8221;, pozyskiwany z odpad\u00f3w przed- i pokonsumenckich.<\/p>\n<p>Sk\u0142ad i ekologia<br \/>\nSk\u0142ad: 100% jedwab z recyklingu z certyfikatem GRS (Global Recycled Standard).<\/p>\n<p>Wyprodukowano etycznie w Toskanii, we W\u0142oszech.<\/p>\n<p>V\u00e5rd<br \/>\nPranie r\u0119czne w zimnej wodzie lub bardzo delikatne czyszczenie chemiczne. Nie stosowa\u0107 wybielaczy. Suszy\u0107 wy\u0142\u0105cznie na p\u0142asko, na poziomej powierzchni (nigdy w suszarce b\u0119bnowej). Prasowa\u0107 w niskiej temperaturze.<\/p>\n<p>Dopasowanie<br \/>\nOVERSIZED: Ten model ma lu\u017any i obszerny kr\u00f3j. Zosta\u0142 zaprojektowany tak, aby swobodnie op\u0142ywa\u0142 sylwetk\u0119, nie krepuj\u0105c ruch\u00f3w.<\/p>","protected":false},"excerpt":{"rendered":"<p>Sweter damski wykonany z jedwabiu z recyklingu z dekoltem w \u0142\u00f3dk\u0119<\/p>","protected":false},"featured_media":2717,"comment_status":"open","ping_status":"closed","template":"","meta":{"_acf_changed":false},"product_brand":[246],"product_cat":[250],"product_tag":[199],"class_list":{"0":"post-2712","1":"product","2":"type-product","3":"status-publish","4":"has-post-thumbnail","6":"product_brand-rifo","7":"product_cat-knitwear","8":"product_tag-kobieta","10":"first","11":"instock","12":"taxable","13":"shipping-taxable","14":"purchasable","15":"product-type-variable"},"acf":[],"_links":{"self":[{"href":"https:\/\/revolverino.pl\/sv\/wp-json\/wp\/v2\/product\/2712","targetHints":{"allow":["GET"]}}],"collection":[{"href":"https:\/\/revolverino.pl\/sv\/wp-json\/wp\/v2\/product"}],"about":[{"href":"https:\/\/revolverino.pl\/sv\/wp-json\/wp\/v2\/types\/product"}],"replies":[{"embeddable":true,"href":"https:\/\/revolverino.pl\/sv\/wp-json\/wp\/v2\/comments?post=2712"}],"wp:featuredmedia":[{"embeddable":true,"href":"https:\/\/revolverino.pl\/sv\/wp-json\/wp\/v2\/media\/2717"}],"wp:attachment":[{"href":"https:\/\/revolverino.pl\/sv\/wp-json\/wp\/v2\/media?parent=2712"}],"wp:term":[{"taxonomy":"product_brand","embeddable":true,"href":"https:\/\/revolverino.pl\/sv\/wp-json\/wp\/v2\/product_brand?post=2712"},{"taxonomy":"product_cat","embeddable":true,"href":"https:\/\/revolverino.pl\/sv\/wp-json\/wp\/v2\/product_cat?post=2712"},{"taxonomy":"product_tag","embeddable":true,"href":"https:\/\/revolverino.pl\/sv\/wp-json\/wp\/v2\/product_tag?post=2712"}],"curies":[{"name":"wp","href":"https:\/\/api.w.org\/{rel}","templated":true}]}}