{"id":2701,"date":"2026-04-23T18:53:08","date_gmt":"2026-04-23T16:53:08","guid":{"rendered":"https:\/\/revolverino.pl\/?post_type=product&#038;p=2701"},"modified":"2026-04-23T18:53:27","modified_gmt":"2026-04-23T16:53:27","slug":"dziergana-kamizelka-damska-wiazana-z-recyklingu","status":"publish","type":"product","link":"https:\/\/revolverino.pl\/sv\/product\/dziergana-kamizelka-damska-wiazana-z-recyklingu\/","title":{"rendered":"Kamizelka dziergana damska wi\u0105zana, z recyklingu"},"content":{"rendered":"<p>Ten wyj\u0105tkowy bezr\u0119kawnik damski wykonany w 100% z bawe\u0142ny stanowi idealne po\u0142\u0105czenie w\u0142\u00f3kien organicznych i pochodz\u0105cych z recyklingu. A\u017curowy splot z efektem szyde\u0142kowania tworzy szlachetn\u0105, tr\u00f3jwymiarow\u0105 struktur\u0119. Kamizelka jest lekka, przewiewna, a jednocze\u015bnie zapewnia komfortowe krycie, co czyni j\u0105 idealnym wyborem na lato.<\/p>\n<p>Cech\u0105 charakterystyczn\u0105 tego modelu s\u0105 regulowane wi\u0105zania po bokach. Ten detal pozwala na dowolne dopasowanie fasonu do sylwetki i w\u0142asnego stylu, czyni\u0105c kamizelk\u0119 produktem niezwykle uniwersalnym i inkluzywnym. Mo\u017cna j\u0105 nosi\u0107 samodzielnie lub jako stylow\u0105 warstw\u0119 na t-shirt lub koszul\u0119.<\/p>\n<p>Szczeg\u00f3\u0142y produktu<br \/>\nA\u017curowy splot z efektem szyde\u0142kowym<br \/>\nPr\u0105\u017ckowane wyko\u0144czenia przy dekolcie, wyci\u0119ciach na ramiona i u do\u0142u dla lepszej struktury i trwa\u0142o\u015bci<br \/>\nGramatura: 175 g<\/p>\n<p>Sk\u0142ad i ekologia<br \/>\nMateria\u0142: 50% bawe\u0142na z recyklingu (odpady produkcyjne), 50% bawe\u0142na organiczna.<br \/>\nCertyfikaty: GRS (Global Recycled Standard) oraz OEKO-TEX.<br \/>\nZr\u00f3wnowa\u017cony proces: Bawe\u0142niane skrawki s\u0105 sortowane wed\u0142ug kolor\u00f3w, dzi\u0119ki czemu nie ma potrzeby ponownego barwienia prz\u0119dzy. Pozwala to na oszcz\u0119dno\u015b\u0107 do 83% wody i 69% emisji CO2.<\/p>\n<p>V\u00e5rd<br \/>\nPranie r\u0119czne w zimnej wodzie lub bardzo delikatne czyszczenie chemiczne. Nie wybiela\u0107 i nie wystawia\u0107 na bezpo\u015brednie dzia\u0142anie silnych \u017ar\u00f3de\u0142 \u015bwiat\u0142a. Suszy\u0107 na p\u0142asko (nigdy w suszarce b\u0119bnowej). Prasowa\u0107 w niskiej temperaturze.<\/p>\n<p>Dopasowanie<br \/>\nKamizelka wyst\u0119puje w rozmiarze uniwersalnym (One Size), a dzi\u0119ki bocznym troczkom mo\u017cesz samodzielnie zdecydowa\u0107, jak bardzo ma przylega\u0107 do cia\u0142a.<\/p>","protected":false},"excerpt":{"rendered":"<p>Bezr\u0119kawnik damski dziergany z a\u017curowym splotem, 100% bawe\u0142ana<\/p>","protected":false},"featured_media":2710,"comment_status":"open","ping_status":"closed","template":"","meta":{"_acf_changed":false},"product_brand":[246],"product_cat":[250],"product_tag":[199],"class_list":{"0":"post-2701","1":"product","2":"type-product","3":"status-publish","4":"has-post-thumbnail","6":"product_brand-rifo","7":"product_cat-knitwear","8":"product_tag-kobieta","10":"first","11":"instock","12":"taxable","13":"shipping-taxable","14":"purchasable","15":"product-type-variable"},"acf":[],"_links":{"self":[{"href":"https:\/\/revolverino.pl\/sv\/wp-json\/wp\/v2\/product\/2701","targetHints":{"allow":["GET"]}}],"collection":[{"href":"https:\/\/revolverino.pl\/sv\/wp-json\/wp\/v2\/product"}],"about":[{"href":"https:\/\/revolverino.pl\/sv\/wp-json\/wp\/v2\/types\/product"}],"replies":[{"embeddable":true,"href":"https:\/\/revolverino.pl\/sv\/wp-json\/wp\/v2\/comments?post=2701"}],"wp:featuredmedia":[{"embeddable":true,"href":"https:\/\/revolverino.pl\/sv\/wp-json\/wp\/v2\/media\/2710"}],"wp:attachment":[{"href":"https:\/\/revolverino.pl\/sv\/wp-json\/wp\/v2\/media?parent=2701"}],"wp:term":[{"taxonomy":"product_brand","embeddable":true,"href":"https:\/\/revolverino.pl\/sv\/wp-json\/wp\/v2\/product_brand?post=2701"},{"taxonomy":"product_cat","embeddable":true,"href":"https:\/\/revolverino.pl\/sv\/wp-json\/wp\/v2\/product_cat?post=2701"},{"taxonomy":"product_tag","embeddable":true,"href":"https:\/\/revolverino.pl\/sv\/wp-json\/wp\/v2\/product_tag?post=2701"}],"curies":[{"name":"wp","href":"https:\/\/api.w.org\/{rel}","templated":true}]}}