{"id":2686,"date":"2026-04-15T15:57:07","date_gmt":"2026-04-15T13:57:07","guid":{"rendered":"https:\/\/revolverino.pl\/?post_type=product&#038;p=2686"},"modified":"2026-04-15T15:57:07","modified_gmt":"2026-04-15T13:57:07","slug":"sweterek-z-jedwabiu-z-recyklingu-zapinany","status":"publish","type":"product","link":"https:\/\/revolverino.pl\/sv\/product\/sweterek-z-jedwabiu-z-recyklingu-zapinany\/","title":{"rendered":"Sweterek z jedwabiu z recyklingu zapinany"},"content":{"rendered":"<p>Sweter damski z jedwabiu z recyklingu to wyj\u0105tkowo lekki i wyrafinowany element garderoby. Zosta\u0142 stworzony z my\u015bl\u0105 o kobietach ceni\u0105cych szlachetne materia\u0142y oraz \u015bwiadome podej\u015bcie do mody.<\/p>\n<p>Wyj\u0105tkowe detale<br \/>\nTen model charakteryzuje si\u0119 otwartym dekoltem sweetheart neckline, kt\u00f3ry pi\u0119knie eksponuje lini\u0119 szyi. Ca\u0142o\u015b\u0107 dope\u0142niaj\u0105 guziki wykonane z naturalnej nieobrabianej muszli. Dzi\u0119ki dopasowanemu krojowi kardigan wspaniale podkre\u015bla sylwetk\u0119, nadaj\u0105c stylizacji lekko\u015bci i elegancji.<\/p>\n<p>Materia\u0142 i piel\u0119gnacja<br \/>\nSk\u0142ad: 100% jedwab z recyklingu (regenerowany), cruelty free, certyfikat GRS<br \/>\nProdukt jest etycznie wyprodukowany z przed- i po-produkcyjnych odpad\u00f3w we W\u0142oszech.<\/p>\n<p>Piel\u0119gnacja: Pranie r\u0119czne w niskich temperaturach lub delikatne chemiczne. Nie stosowa\u0107 wybielaczy. Suszy\u0107 na p\u0142asko, nie u\u017cywa\u0107 suszarek b\u0119bnowych. Prasowanie w niskiej temperaturze.<\/p>\n<p>Fason i dopasowanie<br \/>\nSLIM FIT: Ten model posiada dopasowany kr\u00f3j. W zale\u017cno\u015bci od Twoich preferencji, sugerujemy wyb\u00f3r standardowego rozmiaru zgodnego z wymiarami lub wi\u0119kszego, je\u015bli wolisz nieco wi\u0119cej swobody.<\/p>","protected":false},"excerpt":{"rendered":"<p>Wyj\u0105tkowy sweter z regenerowanego jedwabiu, zapinany na guziki z muszli<\/p>","protected":false},"featured_media":2691,"comment_status":"open","ping_status":"closed","template":"","meta":{"_acf_changed":false},"product_brand":[246],"product_cat":[16],"product_tag":[199],"class_list":{"0":"post-2686","1":"product","2":"type-product","3":"status-publish","4":"has-post-thumbnail","6":"product_brand-rifo","7":"product_cat-uncategorized","8":"product_tag-kobieta","10":"first","11":"instock","12":"taxable","13":"shipping-taxable","14":"purchasable","15":"product-type-variable"},"acf":[],"_links":{"self":[{"href":"https:\/\/revolverino.pl\/sv\/wp-json\/wp\/v2\/product\/2686","targetHints":{"allow":["GET"]}}],"collection":[{"href":"https:\/\/revolverino.pl\/sv\/wp-json\/wp\/v2\/product"}],"about":[{"href":"https:\/\/revolverino.pl\/sv\/wp-json\/wp\/v2\/types\/product"}],"replies":[{"embeddable":true,"href":"https:\/\/revolverino.pl\/sv\/wp-json\/wp\/v2\/comments?post=2686"}],"wp:featuredmedia":[{"embeddable":true,"href":"https:\/\/revolverino.pl\/sv\/wp-json\/wp\/v2\/media\/2691"}],"wp:attachment":[{"href":"https:\/\/revolverino.pl\/sv\/wp-json\/wp\/v2\/media?parent=2686"}],"wp:term":[{"taxonomy":"product_brand","embeddable":true,"href":"https:\/\/revolverino.pl\/sv\/wp-json\/wp\/v2\/product_brand?post=2686"},{"taxonomy":"product_cat","embeddable":true,"href":"https:\/\/revolverino.pl\/sv\/wp-json\/wp\/v2\/product_cat?post=2686"},{"taxonomy":"product_tag","embeddable":true,"href":"https:\/\/revolverino.pl\/sv\/wp-json\/wp\/v2\/product_tag?post=2686"}],"curies":[{"name":"wp","href":"https:\/\/api.w.org\/{rel}","templated":true}]}}