{"id":2675,"date":"2026-04-02T11:40:59","date_gmt":"2026-04-02T09:40:59","guid":{"rendered":"https:\/\/revolverino.pl\/?post_type=product&#038;p=2675"},"modified":"2026-04-02T16:55:17","modified_gmt":"2026-04-02T14:55:17","slug":"rozowy-satynowy-gorset-z-falbanami-i-opadajacymi-ramiaczkami-upcycled","status":"publish","type":"product","link":"https:\/\/revolverino.pl\/sv\/product\/rozowy-satynowy-gorset-z-falbanami-i-opadajacymi-ramiaczkami-upcycled\/","title":{"rendered":"Rosa satinkorsett med volanger och neds\u00e4nkta axelband \u2013 \u00e5tervunnen"},"content":{"rendered":"<p>En feminin korsett tillverkad av mjuk, puderrosa satin, utsmyckad med fina, halvtransparenta tygdetaljer i ett subtilt m\u00f6nster. Designen har satinbandssn\u00f6rning p\u00e5 sidorna och bak, neds\u00e4nkta axelband, en samlad halsringning och volanger i sidorna, vilket ger en touch av subtil elegans och i\u00f6gonfallande detaljer. Tillverkad av \u00e5tervunna material.<\/p>\n<p>En unik design finns endast i ett exemplar.<\/p>\n<p>Korsetten inneh\u00e5ller ben \u2013 tv\u00e4tta inte i maskin.<\/p>\n<p>Modellen \u00e4r 163 cm l\u00e5ng och b\u00e4r vanligtvis storlek XS.<\/p>","protected":false},"excerpt":{"rendered":"<p>En fantastisk puderrosa korsett med fallande remmar, \u00e5tervunnen<\/p>","protected":false},"featured_media":2681,"comment_status":"open","ping_status":"closed","template":"","meta":{"_acf_changed":false},"product_brand":[200],"product_cat":[237],"product_tag":[199],"class_list":{"0":"post-2675","1":"product","2":"type-product","3":"status-publish","4":"has-post-thumbnail","6":"product_brand-revolverino","7":"product_cat-gorsety","8":"product_tag-kobieta","10":"first","11":"instock","12":"taxable","13":"shipping-taxable","14":"purchasable","15":"product-type-variable"},"acf":[],"_links":{"self":[{"href":"https:\/\/revolverino.pl\/sv\/wp-json\/wp\/v2\/product\/2675","targetHints":{"allow":["GET"]}}],"collection":[{"href":"https:\/\/revolverino.pl\/sv\/wp-json\/wp\/v2\/product"}],"about":[{"href":"https:\/\/revolverino.pl\/sv\/wp-json\/wp\/v2\/types\/product"}],"replies":[{"embeddable":true,"href":"https:\/\/revolverino.pl\/sv\/wp-json\/wp\/v2\/comments?post=2675"}],"wp:featuredmedia":[{"embeddable":true,"href":"https:\/\/revolverino.pl\/sv\/wp-json\/wp\/v2\/media\/2681"}],"wp:attachment":[{"href":"https:\/\/revolverino.pl\/sv\/wp-json\/wp\/v2\/media?parent=2675"}],"wp:term":[{"taxonomy":"product_brand","embeddable":true,"href":"https:\/\/revolverino.pl\/sv\/wp-json\/wp\/v2\/product_brand?post=2675"},{"taxonomy":"product_cat","embeddable":true,"href":"https:\/\/revolverino.pl\/sv\/wp-json\/wp\/v2\/product_cat?post=2675"},{"taxonomy":"product_tag","embeddable":true,"href":"https:\/\/revolverino.pl\/sv\/wp-json\/wp\/v2\/product_tag?post=2675"}],"curies":[{"name":"wp","href":"https:\/\/api.w.org\/{rel}","templated":true}]}}