{"id":2643,"date":"2026-04-02T09:22:17","date_gmt":"2026-04-02T07:22:17","guid":{"rendered":"https:\/\/revolverino.pl\/?post_type=product&#038;p=2643"},"modified":"2026-04-02T10:25:16","modified_gmt":"2026-04-02T08:25:16","slug":"welurowy-zielony-gorset-w-kwiecisty-wzor-upcycled","status":"publish","type":"product","link":"https:\/\/revolverino.pl\/sv\/product\/welurowy-zielony-gorset-w-kwiecisty-wzor-upcycled\/","title":{"rendered":"Gr\u00f6n sammetskorsett med blomm\u00f6nster \u2013 \u00e5tervunnen"},"content":{"rendered":"<p>Denna korsetttopp \u00e4r tillverkad av ljusgr\u00f6n sammet med ett retroblomm\u00f6nster. Sn\u00f6rning baktill. En tidl\u00f6s, figurn\u00e4ra design med karakt\u00e4r.<\/p>\n<p>En unik design finns endast i ett exemplar.<\/p>\n<p>Korsetten inneh\u00e5ller ben \u2013 tv\u00e4tta inte i maskin.<\/p>\n<p>Storlek: S<\/p>","protected":false},"excerpt":{"rendered":"<p>\u00c5tervunnen sammetskorsett med blomm\u00f6nster<\/p>","protected":false},"featured_media":2661,"comment_status":"open","ping_status":"closed","template":"","meta":{"_acf_changed":false},"product_brand":[200],"product_cat":[237],"product_tag":[199],"class_list":{"0":"post-2643","1":"product","2":"type-product","3":"status-publish","4":"has-post-thumbnail","6":"product_brand-revolverino","7":"product_cat-gorsety","8":"product_tag-kobieta","10":"first","11":"instock","12":"taxable","13":"shipping-taxable","14":"purchasable","15":"product-type-variable"},"acf":[],"_links":{"self":[{"href":"https:\/\/revolverino.pl\/sv\/wp-json\/wp\/v2\/product\/2643","targetHints":{"allow":["GET"]}}],"collection":[{"href":"https:\/\/revolverino.pl\/sv\/wp-json\/wp\/v2\/product"}],"about":[{"href":"https:\/\/revolverino.pl\/sv\/wp-json\/wp\/v2\/types\/product"}],"replies":[{"embeddable":true,"href":"https:\/\/revolverino.pl\/sv\/wp-json\/wp\/v2\/comments?post=2643"}],"wp:featuredmedia":[{"embeddable":true,"href":"https:\/\/revolverino.pl\/sv\/wp-json\/wp\/v2\/media\/2661"}],"wp:attachment":[{"href":"https:\/\/revolverino.pl\/sv\/wp-json\/wp\/v2\/media?parent=2643"}],"wp:term":[{"taxonomy":"product_brand","embeddable":true,"href":"https:\/\/revolverino.pl\/sv\/wp-json\/wp\/v2\/product_brand?post=2643"},{"taxonomy":"product_cat","embeddable":true,"href":"https:\/\/revolverino.pl\/sv\/wp-json\/wp\/v2\/product_cat?post=2643"},{"taxonomy":"product_tag","embeddable":true,"href":"https:\/\/revolverino.pl\/sv\/wp-json\/wp\/v2\/product_tag?post=2643"}],"curies":[{"name":"wp","href":"https:\/\/api.w.org\/{rel}","templated":true}]}}