{"id":2635,"date":"2026-04-01T21:07:34","date_gmt":"2026-04-01T19:07:34","guid":{"rendered":"https:\/\/revolverino.pl\/?post_type=product&#038;p=2635"},"modified":"2026-05-14T22:24:39","modified_gmt":"2026-05-14T20:24:39","slug":"jeansowy-gorset-z-rozowymi-detalami-upcycled","status":"publish","type":"product","link":"https:\/\/revolverino.pl\/sv\/product\/jeansowy-gorset-z-rozowymi-detalami-upcycled\/","title":{"rendered":"\u00c5tervunnen denimkorsett med rosa detaljer"},"content":{"rendered":"<p>Denna korsetttopp \u00e4r tillverkad av l\u00e4tt denim med foder och sn\u00f6rning baktill. En tidl\u00f6s, klassisk design med karakt\u00e4r \u2013 rosa detaljer och inl\u00e4gg ger den ett unikt utseende.<\/p>\n<p>En unik design finns endast i ett exemplar.<\/p>\n<p>Korsetten inneh\u00e5ller ben \u2013 tv\u00e4tta inte i maskin.<\/p>\n<p>Storlek: M<\/p>","protected":false},"excerpt":{"rendered":"<p>Gorset z upcyklingu &#8211; jasny jeans z r\u00f3\u017cowymi detalami<\/p>","protected":false},"featured_media":2639,"comment_status":"open","ping_status":"closed","template":"","meta":{"_acf_changed":false},"product_brand":[200],"product_cat":[237],"product_tag":[199],"class_list":{"0":"post-2635","1":"product","2":"type-product","3":"status-publish","4":"has-post-thumbnail","6":"product_brand-revolverino","7":"product_cat-gorsety","8":"product_tag-kobieta","10":"first","11":"instock","12":"sale","13":"shipping-taxable","14":"purchasable","15":"product-type-variable"},"acf":[],"_links":{"self":[{"href":"https:\/\/revolverino.pl\/sv\/wp-json\/wp\/v2\/product\/2635","targetHints":{"allow":["GET"]}}],"collection":[{"href":"https:\/\/revolverino.pl\/sv\/wp-json\/wp\/v2\/product"}],"about":[{"href":"https:\/\/revolverino.pl\/sv\/wp-json\/wp\/v2\/types\/product"}],"replies":[{"embeddable":true,"href":"https:\/\/revolverino.pl\/sv\/wp-json\/wp\/v2\/comments?post=2635"}],"wp:featuredmedia":[{"embeddable":true,"href":"https:\/\/revolverino.pl\/sv\/wp-json\/wp\/v2\/media\/2639"}],"wp:attachment":[{"href":"https:\/\/revolverino.pl\/sv\/wp-json\/wp\/v2\/media?parent=2635"}],"wp:term":[{"taxonomy":"product_brand","embeddable":true,"href":"https:\/\/revolverino.pl\/sv\/wp-json\/wp\/v2\/product_brand?post=2635"},{"taxonomy":"product_cat","embeddable":true,"href":"https:\/\/revolverino.pl\/sv\/wp-json\/wp\/v2\/product_cat?post=2635"},{"taxonomy":"product_tag","embeddable":true,"href":"https:\/\/revolverino.pl\/sv\/wp-json\/wp\/v2\/product_tag?post=2635"}],"curies":[{"name":"wp","href":"https:\/\/api.w.org\/{rel}","templated":true}]}}