{"id":2532,"date":"2026-03-18T13:07:59","date_gmt":"2026-03-18T12:07:59","guid":{"rendered":"https:\/\/revolverino.pl\/?post_type=product&#038;p=2532"},"modified":"2026-03-20T13:18:51","modified_gmt":"2026-03-20T12:18:51","slug":"bucket-hat-rozany-wzor-upcycling-kopia","status":"publish","type":"product","link":"https:\/\/revolverino.pl\/sv\/product\/bucket-hat-rozany-wzor-upcycling-kopia\/","title":{"rendered":"F\u00f6rkl\u00e4de med veck p\u00e5 baksidan, upcyclad"},"content":{"rendered":"<p>En l\u00e4tt kl\u00e4nning\/kl\u00e4nning med axelband, fickor och ett veck baktill. Nederkanten \u00e4r dekorerad med en rynkad volang. Tillverkad av \u00e5tervunnet material: bomull eller linne.<\/p>\n<p>Charmigt och praktiskt, det fungerar utm\u00e4rkt som f\u00f6rkl\u00e4de f\u00f6r aktiviteter i k\u00f6ket, tr\u00e4dg\u00e5rden eller uterumet, s\u00e5v\u00e4l som i konststudion.<\/p>\n<p>En l\u00f6s, n\u00e5got \u00f6verdimensionerad sk\u00e4rning s\u00e4kerst\u00e4ller r\u00f6relsekomfort.<\/p>","protected":false},"excerpt":{"rendered":"<p>Sommarkl\u00e4nning, husrock med fickor. \u00c5tervinning.<\/p>","protected":false},"featured_media":2549,"comment_status":"closed","ping_status":"closed","template":"","meta":{"_acf_changed":false},"product_brand":[200],"product_cat":[236],"product_tag":[199],"class_list":{"0":"post-2532","1":"product","2":"type-product","3":"status-publish","4":"has-post-thumbnail","6":"product_brand-revolverino","7":"product_cat-sukienki","8":"product_tag-kobieta","10":"first","11":"instock","12":"purchasable","13":"product-type-variable","14":"has-default-attributes"},"acf":[],"_links":{"self":[{"href":"https:\/\/revolverino.pl\/sv\/wp-json\/wp\/v2\/product\/2532","targetHints":{"allow":["GET"]}}],"collection":[{"href":"https:\/\/revolverino.pl\/sv\/wp-json\/wp\/v2\/product"}],"about":[{"href":"https:\/\/revolverino.pl\/sv\/wp-json\/wp\/v2\/types\/product"}],"replies":[{"embeddable":true,"href":"https:\/\/revolverino.pl\/sv\/wp-json\/wp\/v2\/comments?post=2532"}],"wp:featuredmedia":[{"embeddable":true,"href":"https:\/\/revolverino.pl\/sv\/wp-json\/wp\/v2\/media\/2549"}],"wp:attachment":[{"href":"https:\/\/revolverino.pl\/sv\/wp-json\/wp\/v2\/media?parent=2532"}],"wp:term":[{"taxonomy":"product_brand","embeddable":true,"href":"https:\/\/revolverino.pl\/sv\/wp-json\/wp\/v2\/product_brand?post=2532"},{"taxonomy":"product_cat","embeddable":true,"href":"https:\/\/revolverino.pl\/sv\/wp-json\/wp\/v2\/product_cat?post=2532"},{"taxonomy":"product_tag","embeddable":true,"href":"https:\/\/revolverino.pl\/sv\/wp-json\/wp\/v2\/product_tag?post=2532"}],"curies":[{"name":"wp","href":"https:\/\/api.w.org\/{rel}","templated":true}]}}