{"id":2245,"date":"2026-01-29T11:02:59","date_gmt":"2026-01-29T10:02:59","guid":{"rendered":"http:\/\/revolverino.pl\/?post_type=product&#038;p=2245"},"modified":"2026-03-18T05:49:37","modified_gmt":"2026-03-18T04:49:37","slug":"scrunchie-fuksja-w-delikatny-wzor-upcycling","status":"publish","type":"product","link":"https:\/\/revolverino.pl\/sv\/product\/scrunchie-fuksja-w-delikatny-wzor-upcycling\/","title":{"rendered":"Fuchsiaf\u00e4rgad scrunchie med ett fint m\u00f6nster, upcycling"},"content":{"rendered":"<p>Material: Scrunchie \u00e4r tillverkad av tygbitar fr\u00e5n v\u00e5r egen produktion, vintagerester (som bomull, siden, linne) eller \u00e5tervunnet material - t.ex. restprodukter fr\u00e5n kl\u00e4dindustrin.<\/p>\n<p>H\u00e5llbarhet: Varje h\u00e5rband bidrar till att minska textilavfall, st\u00f6der noll avfallsprincipen och ger kasserade material nytt liv.<\/p>\n<p>Design: K\u00e4nnetecknas av sitt breda band och har ofta unika, enast\u00e5ende m\u00f6nster eller texturer som h\u00e4rr\u00f6r fr\u00e5n det ursprungliga tyget.<\/p>\n<p>M\u00e5ngsidig: Kan b\u00e4ras som h\u00e5rband, armband eller som ett trendigt accessoar till v\u00e4skan.<\/p>","protected":false},"excerpt":{"rendered":"<p>Ta obszerna scrunchie upcyclingowa daje wysokiej jako\u015bci teksyliom drugie \u017cycie \u2014 skrawkom tkanin, vintage&#8217;owym resztkom i poprodukcyjnym odpadom tekstylnym \u2014 zamieniaj\u0105c je w modny i etycznie 'czysty&#8217; dodatek do w\u0142os\u00f3w. Dzi\u0119ki szerokiej \u015brednicy (ok 15 cm) wyr\u00f3\u017cnia si\u0119 jako wyrazisty element stylizacji, kt\u00f3ry nie obci\u0105\u017ca w\u0142os\u00f3w ani naszej planety.<\/p>","protected":false},"featured_media":2236,"comment_status":"open","ping_status":"closed","template":"","meta":{"_acf_changed":false},"product_brand":[200],"product_cat":[239],"product_tag":[199],"class_list":{"0":"post-2245","1":"product","2":"type-product","3":"status-publish","4":"has-post-thumbnail","6":"product_brand-revolverino","7":"product_cat-scrunchies","8":"product_tag-kobieta","10":"first","11":"instock","12":"taxable","13":"shipping-taxable","14":"purchasable","15":"product-type-simple"},"acf":[],"_links":{"self":[{"href":"https:\/\/revolverino.pl\/sv\/wp-json\/wp\/v2\/product\/2245","targetHints":{"allow":["GET"]}}],"collection":[{"href":"https:\/\/revolverino.pl\/sv\/wp-json\/wp\/v2\/product"}],"about":[{"href":"https:\/\/revolverino.pl\/sv\/wp-json\/wp\/v2\/types\/product"}],"replies":[{"embeddable":true,"href":"https:\/\/revolverino.pl\/sv\/wp-json\/wp\/v2\/comments?post=2245"}],"wp:featuredmedia":[{"embeddable":true,"href":"https:\/\/revolverino.pl\/sv\/wp-json\/wp\/v2\/media\/2236"}],"wp:attachment":[{"href":"https:\/\/revolverino.pl\/sv\/wp-json\/wp\/v2\/media?parent=2245"}],"wp:term":[{"taxonomy":"product_brand","embeddable":true,"href":"https:\/\/revolverino.pl\/sv\/wp-json\/wp\/v2\/product_brand?post=2245"},{"taxonomy":"product_cat","embeddable":true,"href":"https:\/\/revolverino.pl\/sv\/wp-json\/wp\/v2\/product_cat?post=2245"},{"taxonomy":"product_tag","embeddable":true,"href":"https:\/\/revolverino.pl\/sv\/wp-json\/wp\/v2\/product_tag?post=2245"}],"curies":[{"name":"wp","href":"https:\/\/api.w.org\/{rel}","templated":true}]}}