{"id":2113,"date":"2026-01-06T16:45:48","date_gmt":"2026-01-06T15:45:48","guid":{"rendered":"http:\/\/revolverino.pl\/product\/velvet-bucket-hat-customized\/"},"modified":"2026-05-05T18:50:34","modified_gmt":"2026-05-05T16:50:34","slug":"aksamitny-bucket-hat-z-dekoracyjnym-wiazaniem-upcycling","status":"publish","type":"product","link":"https:\/\/revolverino.pl\/sv\/product\/aksamitny-bucket-hat-z-dekoracyjnym-wiazaniem-upcycling\/","title":{"rendered":"Sammetshatt med dekorativ  fl\u00e4ta \u2013 upcycling"},"content":{"rendered":"<p>Customizowany bucket hat z jednolitego szarego aksamitu z dekoracyjnym wi\u0105zaniem. Wykonany w 100% z materia\u0142\u00f3w z recyklingu.<\/p>\n<p>Storlek M = 58 cm<\/p>\n<p>Storlek S = 55 cm<\/p>","protected":false},"excerpt":{"rendered":"<p>En unik buckethatt i sammet med Revolverino-logotypen<\/p>","protected":false},"featured_media":2087,"comment_status":"closed","ping_status":"closed","template":"","meta":{"_acf_changed":false},"product_brand":[200],"product_cat":[238],"product_tag":[195,199,198],"class_list":{"0":"post-2113","1":"product","2":"type-product","3":"status-publish","4":"has-post-thumbnail","6":"product_brand-revolverino","7":"product_cat-czapki-i-kapelusze","8":"product_tag-dziecko","9":"product_tag-kobieta","10":"product_tag-mezczyzna","12":"first","13":"instock","14":"purchasable","15":"product-type-variable"},"acf":[],"_links":{"self":[{"href":"https:\/\/revolverino.pl\/sv\/wp-json\/wp\/v2\/product\/2113","targetHints":{"allow":["GET"]}}],"collection":[{"href":"https:\/\/revolverino.pl\/sv\/wp-json\/wp\/v2\/product"}],"about":[{"href":"https:\/\/revolverino.pl\/sv\/wp-json\/wp\/v2\/types\/product"}],"replies":[{"embeddable":true,"href":"https:\/\/revolverino.pl\/sv\/wp-json\/wp\/v2\/comments?post=2113"}],"wp:featuredmedia":[{"embeddable":true,"href":"https:\/\/revolverino.pl\/sv\/wp-json\/wp\/v2\/media\/2087"}],"wp:attachment":[{"href":"https:\/\/revolverino.pl\/sv\/wp-json\/wp\/v2\/media?parent=2113"}],"wp:term":[{"taxonomy":"product_brand","embeddable":true,"href":"https:\/\/revolverino.pl\/sv\/wp-json\/wp\/v2\/product_brand?post=2113"},{"taxonomy":"product_cat","embeddable":true,"href":"https:\/\/revolverino.pl\/sv\/wp-json\/wp\/v2\/product_cat?post=2113"},{"taxonomy":"product_tag","embeddable":true,"href":"https:\/\/revolverino.pl\/sv\/wp-json\/wp\/v2\/product_tag?post=2113"}],"curies":[{"name":"wp","href":"https:\/\/api.w.org\/{rel}","templated":true}]}}