{"id":2109,"date":"2026-01-06T16:45:48","date_gmt":"2026-01-06T15:45:48","guid":{"rendered":"http:\/\/revolverino.pl\/product\/heavy-bucket-hat-off-white\/"},"modified":"2026-03-14T08:58:08","modified_gmt":"2026-03-14T07:58:08","slug":"denim-bucket-hat-kremowy-upcycling","status":"publish","type":"product","link":"https:\/\/revolverino.pl\/sv\/product\/denim-bucket-hat-kremowy-upcycling\/","title":{"rendered":"Buckethatt heavy naturvit \u2013 upcycling"},"content":{"rendered":"<p>En klassisk, kraftig buckethatt tillverkad av \u00e5tervunnen bomull i kr\u00e4mvitt. Eftersom varje plagg \u00e4r tillverkat av begagnade material kan sm\u00e5 f\u00e4rgvariationer f\u00f6rekomma. Storlek M = 58 cm Storlek S = 55 cm<\/p>","protected":false},"excerpt":{"rendered":"<p>Klassisk kraftig bucket hat med Revolverino-logotypen<\/p>","protected":false},"featured_media":1044,"comment_status":"closed","ping_status":"closed","template":"","meta":{"_acf_changed":false},"product_brand":[200],"product_cat":[238],"product_tag":[199,198],"class_list":{"0":"post-2109","1":"product","2":"type-product","3":"status-publish","4":"has-post-thumbnail","6":"product_brand-revolverino","7":"product_cat-czapki-i-kapelusze","8":"product_tag-kobieta","9":"product_tag-mezczyzna","11":"first","12":"instock","13":"purchasable","14":"product-type-variable"},"acf":[],"_links":{"self":[{"href":"https:\/\/revolverino.pl\/sv\/wp-json\/wp\/v2\/product\/2109","targetHints":{"allow":["GET"]}}],"collection":[{"href":"https:\/\/revolverino.pl\/sv\/wp-json\/wp\/v2\/product"}],"about":[{"href":"https:\/\/revolverino.pl\/sv\/wp-json\/wp\/v2\/types\/product"}],"replies":[{"embeddable":true,"href":"https:\/\/revolverino.pl\/sv\/wp-json\/wp\/v2\/comments?post=2109"}],"wp:featuredmedia":[{"embeddable":true,"href":"https:\/\/revolverino.pl\/sv\/wp-json\/wp\/v2\/media\/1044"}],"wp:attachment":[{"href":"https:\/\/revolverino.pl\/sv\/wp-json\/wp\/v2\/media?parent=2109"}],"wp:term":[{"taxonomy":"product_brand","embeddable":true,"href":"https:\/\/revolverino.pl\/sv\/wp-json\/wp\/v2\/product_brand?post=2109"},{"taxonomy":"product_cat","embeddable":true,"href":"https:\/\/revolverino.pl\/sv\/wp-json\/wp\/v2\/product_cat?post=2109"},{"taxonomy":"product_tag","embeddable":true,"href":"https:\/\/revolverino.pl\/sv\/wp-json\/wp\/v2\/product_tag?post=2109"}],"curies":[{"name":"wp","href":"https:\/\/api.w.org\/{rel}","templated":true}]}}