{"id":2107,"date":"2026-01-06T15:45:48","date_gmt":"2026-01-06T15:45:48","guid":{"rendered":"http:\/\/revolverino.pl\/product\/light-bucket-hat-vintage-dot\/"},"modified":"2026-03-27T18:39:47","modified_gmt":"2026-03-27T17:39:47","slug":"lekki-bucket-hat-w-kropki-vintage-upcycling","status":"publish","type":"product","link":"https:\/\/revolverino.pl\/sv\/product\/lekki-bucket-hat-w-kropki-vintage-upcycling\/","title":{"rendered":"L\u00e4tt buckethatt med vintage prickad m\u00f6nster - upcycling"},"content":{"rendered":"<p>En klassisk, l\u00e4tt buckethatt med ett nostalgiskt vintageprickigt m\u00f6nster och m\u00e5lade blommor. Tillverkad i 100% av \u00e5tervunnet material.<\/p>\n<p>nMedium = 58 cm<br \/>\nLiten = 55 cm<br \/>\nn<br \/>\nn&nbsp;<\/p>","protected":false},"excerpt":{"rendered":"<p>Den optimala, l\u00e4tta buckethatten med Revolverino-logotypen<\/p>","protected":false},"featured_media":2078,"comment_status":"closed","ping_status":"closed","template":"","meta":{"_acf_changed":false},"product_brand":[200],"product_cat":[238],"product_tag":[199,198],"class_list":{"0":"post-2107","1":"product","2":"type-product","3":"status-publish","4":"has-post-thumbnail","6":"product_brand-revolverino","7":"product_cat-czapki-i-kapelusze","8":"product_tag-kobieta","9":"product_tag-mezczyzna","11":"first","12":"instock","13":"purchasable","14":"product-type-variable"},"acf":[],"_links":{"self":[{"href":"https:\/\/revolverino.pl\/sv\/wp-json\/wp\/v2\/product\/2107","targetHints":{"allow":["GET"]}}],"collection":[{"href":"https:\/\/revolverino.pl\/sv\/wp-json\/wp\/v2\/product"}],"about":[{"href":"https:\/\/revolverino.pl\/sv\/wp-json\/wp\/v2\/types\/product"}],"replies":[{"embeddable":true,"href":"https:\/\/revolverino.pl\/sv\/wp-json\/wp\/v2\/comments?post=2107"}],"wp:featuredmedia":[{"embeddable":true,"href":"https:\/\/revolverino.pl\/sv\/wp-json\/wp\/v2\/media\/2078"}],"wp:attachment":[{"href":"https:\/\/revolverino.pl\/sv\/wp-json\/wp\/v2\/media?parent=2107"}],"wp:term":[{"taxonomy":"product_brand","embeddable":true,"href":"https:\/\/revolverino.pl\/sv\/wp-json\/wp\/v2\/product_brand?post=2107"},{"taxonomy":"product_cat","embeddable":true,"href":"https:\/\/revolverino.pl\/sv\/wp-json\/wp\/v2\/product_cat?post=2107"},{"taxonomy":"product_tag","embeddable":true,"href":"https:\/\/revolverino.pl\/sv\/wp-json\/wp\/v2\/product_tag?post=2107"}],"curies":[{"name":"wp","href":"https:\/\/api.w.org\/{rel}","templated":true}]}}