{"id":2100,"date":"2026-01-06T16:45:48","date_gmt":"2026-01-06T15:45:48","guid":{"rendered":"http:\/\/revolverino.pl\/product\/bucket-hat-checked\/"},"modified":"2026-03-14T08:58:00","modified_gmt":"2026-03-14T07:58:00","slug":"bucket-hat-w-krate-czerwono-zielono-bezowa-upcycling","status":"publish","type":"product","link":"https:\/\/revolverino.pl\/sv\/product\/bucket-hat-w-krate-czerwono-zielono-bezowa-upcycling\/","title":{"rendered":"R\u00f6d, gr\u00f6n och beige rutig buckethatt \u2013 upcycling"},"content":{"rendered":"<p>Klassisk buckethatt i \u00e5tervunnen bomull med ett r\u00f6tt, gr\u00f6nt och beige rutm\u00f6nster.rnStorlek M = 58 cmrnStorlek S = 55 cm<\/p>","protected":false},"excerpt":{"rendered":"<p>Klassisk rutig hatt med Revolverino-logotypen<\/p>","protected":false},"featured_media":2061,"comment_status":"closed","ping_status":"closed","template":"","meta":{"_acf_changed":false},"product_brand":[200],"product_cat":[238],"product_tag":[199,198],"class_list":{"0":"post-2100","1":"product","2":"type-product","3":"status-publish","4":"has-post-thumbnail","6":"product_brand-revolverino","7":"product_cat-czapki-i-kapelusze","8":"product_tag-kobieta","9":"product_tag-mezczyzna","11":"first","12":"instock","13":"purchasable","14":"product-type-variable"},"acf":[],"_links":{"self":[{"href":"https:\/\/revolverino.pl\/sv\/wp-json\/wp\/v2\/product\/2100","targetHints":{"allow":["GET"]}}],"collection":[{"href":"https:\/\/revolverino.pl\/sv\/wp-json\/wp\/v2\/product"}],"about":[{"href":"https:\/\/revolverino.pl\/sv\/wp-json\/wp\/v2\/types\/product"}],"replies":[{"embeddable":true,"href":"https:\/\/revolverino.pl\/sv\/wp-json\/wp\/v2\/comments?post=2100"}],"wp:featuredmedia":[{"embeddable":true,"href":"https:\/\/revolverino.pl\/sv\/wp-json\/wp\/v2\/media\/2061"}],"wp:attachment":[{"href":"https:\/\/revolverino.pl\/sv\/wp-json\/wp\/v2\/media?parent=2100"}],"wp:term":[{"taxonomy":"product_brand","embeddable":true,"href":"https:\/\/revolverino.pl\/sv\/wp-json\/wp\/v2\/product_brand?post=2100"},{"taxonomy":"product_cat","embeddable":true,"href":"https:\/\/revolverino.pl\/sv\/wp-json\/wp\/v2\/product_cat?post=2100"},{"taxonomy":"product_tag","embeddable":true,"href":"https:\/\/revolverino.pl\/sv\/wp-json\/wp\/v2\/product_tag?post=2100"}],"curies":[{"name":"wp","href":"https:\/\/api.w.org\/{rel}","templated":true}]}}