{"id":1960,"date":"2026-01-05T19:50:19","date_gmt":"2026-01-05T18:50:19","guid":{"rendered":"http:\/\/revolverino.pl\/?post_type=product&#038;p=1960"},"modified":"2026-03-14T08:56:29","modified_gmt":"2026-03-14T07:56:29","slug":"loose-fit-unisex-hoodie-revolverino-atervunnen","status":"publish","type":"product","link":"https:\/\/revolverino.pl\/sv\/product\/loose-fit-unisex-hoodie-revolverino-atervunnen\/","title":{"rendered":"Revolverino unisex huvtr\u00f6ja med l\u00f6s passform, 100% \u00e5tervunnen"},"content":{"rendered":"<p>V\u00e5r Loose Fit-tr\u00f6ja har en avslappnad, rak passform och en dubbelfodrad huva. Den gener\u00f6sa, robusta huvan har dragsn\u00f6ren gjorda av \u00f6verfl\u00f6digt stickat garn f\u00f6r att minska spill. Den har s\u00e4nkta axlar och en mjuk, borstad jerseyinredning. Denna tr\u00f6ja \u00e4r tillverkad av \u00e5tervunnen bomull och \u00e5tervunna plastflaskor. Vi f\u00e4rgar inte v\u00e5ra produkter; ist\u00e4llet kommer f\u00e4rgerna fr\u00e5n bomullsavfallet de \u00e4r gjorda av. Denna tr\u00f6ja \u00e4r ansvarsfullt tillverkad i Indien. Tillverkad av \u00e5tervunnet material.<\/p>\n<p>60% \u00e5tervunnen bomull<br \/>\n40% \u00e5tervunnen polyester<\/p>\n<p>Observera att v\u00e5r \u00e5tervinningsprocess inte \u00e4r helt exakt, och v\u00e5ra produkter kan inneh\u00e5lla sm\u00e5 m\u00e4ngder fibrer i varierande f\u00e4rger. I m\u00f6rka f\u00e4rger \u00e4r fibrer i varierande f\u00e4rger mindre synliga, men i ljusare f\u00e4rger \u00e4r de mer synliga. F\u00f6r oss \u00e4r dessa sm\u00e5 f\u00e4rgade fibrer i v\u00e5ra tyger en egenskap som p\u00e5minner oss om v\u00e5ra produkters unika ursprung. P\u00e5 grund av v\u00e5r tillverkningsprocess kan tyger i samma f\u00e4rg variera n\u00e5got i nyans. Vi f\u00e4rgar inte v\u00e5ra produkter; tygets f\u00e4rg kommer fr\u00e5n f\u00e4rgen p\u00e5 det avfallsmaterial som anv\u00e4nds i dess produktion.<\/p>\n<p>Produktens ekologiska p\u00e5verkan<br \/>\nVattenf\u00f6rbrukning: 3,3 l<br \/>\nKoldioxidutsl\u00e4pp: 3,0 kg<br \/>\nVattenbesparing: 3812 l<br \/>\nSparad koldioxid: 2,6 kg<\/p>\n<p>Vattenf\u00f6rbrukning: 99% mindre och koldioxidutsl\u00e4pp: 50% mindre j\u00e4mf\u00f6rt med produkter tillverkade av jungfruliga r\u00e5varor.<\/p>","protected":false},"excerpt":{"rendered":"<p>En bekv\u00e4m, l\u00f6st sittande unisex-tr\u00f6ja med en diskret Revolverino-logotyp.<\/p>","protected":false},"featured_media":1303,"comment_status":"closed","ping_status":"closed","template":"","meta":{"_acf_changed":false},"product_brand":[201],"product_cat":[235,207],"product_tag":[199,198],"class_list":{"0":"post-1960","1":"product","2":"type-product","3":"status-publish","4":"has-post-thumbnail","6":"product_brand-pure-waste","7":"product_cat-bluzy-z-recyklingu","8":"product_cat-casual","9":"product_tag-kobieta","10":"product_tag-mezczyzna","12":"first","13":"instock","14":"purchasable","15":"product-type-variable"},"acf":[],"_links":{"self":[{"href":"https:\/\/revolverino.pl\/sv\/wp-json\/wp\/v2\/product\/1960","targetHints":{"allow":["GET"]}}],"collection":[{"href":"https:\/\/revolverino.pl\/sv\/wp-json\/wp\/v2\/product"}],"about":[{"href":"https:\/\/revolverino.pl\/sv\/wp-json\/wp\/v2\/types\/product"}],"replies":[{"embeddable":true,"href":"https:\/\/revolverino.pl\/sv\/wp-json\/wp\/v2\/comments?post=1960"}],"wp:featuredmedia":[{"embeddable":true,"href":"https:\/\/revolverino.pl\/sv\/wp-json\/wp\/v2\/media\/1303"}],"wp:attachment":[{"href":"https:\/\/revolverino.pl\/sv\/wp-json\/wp\/v2\/media?parent=1960"}],"wp:term":[{"taxonomy":"product_brand","embeddable":true,"href":"https:\/\/revolverino.pl\/sv\/wp-json\/wp\/v2\/product_brand?post=1960"},{"taxonomy":"product_cat","embeddable":true,"href":"https:\/\/revolverino.pl\/sv\/wp-json\/wp\/v2\/product_cat?post=1960"},{"taxonomy":"product_tag","embeddable":true,"href":"https:\/\/revolverino.pl\/sv\/wp-json\/wp\/v2\/product_tag?post=1960"}],"curies":[{"name":"wp","href":"https:\/\/api.w.org\/{rel}","templated":true}]}}