{"id":1930,"date":"2026-01-05T19:35:10","date_gmt":"2026-01-05T18:35:10","guid":{"rendered":"http:\/\/revolverino.pl\/?post_type=product&#038;p=1930"},"modified":"2026-03-14T08:56:00","modified_gmt":"2026-03-14T07:56:00","slug":"torba-bawelniana-revolverino-z-recyklingu","status":"publish","type":"product","link":"https:\/\/revolverino.pl\/sv\/product\/torba-bawelniana-revolverino-z-recyklingu\/","title":{"rendered":"Revolverino bomullsp\u00e5se \u2013 \u00c5tervunnen"},"content":{"rendered":"<p>B\u00e4r allt du beh\u00f6ver med dig i en v\u00e4ska som \u00e4r ett riktigt val i sig. V\u00e5r slitstarka bomullsv\u00e4ska \u00e4r tillverkad av \u00e5tervunnen bomull och \u00e5tervunna plastflaskor. Vik ihop den och sl\u00e4ng den i din ryggs\u00e4ck f\u00f6r extra f\u00f6rvaring \u2013 eller b\u00e4r den som din huvudv\u00e4ska varje dag. <\/p>\n<p>Storlek: 41 x 45 cm. <\/p>\n<p>J\u00e4mf\u00f6rt med en produkt tillverkad av jungfruliga r\u00e5varor anv\u00e4nder en v\u00e4ska tillverkad av \u00e5tervunnet material 99% mindre vatten och genererar 50% f\u00e4rre koldioxidutsl\u00e4pp. V\u00e4skan tillverkas ansvarsfullt i v\u00e5r fabrik i Indien, med endast \u00e5tervunnet material.<\/p>\n<p>Sammans\u00e4ttning: 60% \u00e5tervunnen bomull, 40% \u00e5tervunnen polyester.<\/p>\n<p>Observera: v\u00e5r \u00e5tervinningsprocess \u00e4r inte helt korrekt \u2013 produkter kan inneh\u00e5lla sm\u00e5 m\u00e4ngder fibrer i olika f\u00e4rger. Dessa fibrer \u00e4r osynliga i m\u00f6rka tyger, men kan vara mer synliga i ljusa. F\u00f6r oss \u00e4r dessa f\u00e4rgade fibrer ett tecken p\u00e5 produktens identitet \u2013 ett bevis p\u00e5 dess unika karakt\u00e4r och ursprung. P\u00e5 grund av tillverkningsprocessen kan sm\u00e5 nyansskillnader ocks\u00e5 f\u00f6rekomma mellan produkter i samma f\u00e4rg. Vi f\u00e4rgar inte v\u00e5ra produkter \u2013 tygets f\u00e4rg kommer direkt fr\u00e5n det avfallsmaterial som anv\u00e4nds f\u00f6r att tillverka det.<\/p>\n<p>Produktens ekologiska fotavtryck:<br \/>\nVattenf\u00f6rbrukning: -2,4 l<br \/>\nKoldioxidutsl\u00e4pp: 0,5 kg CO<br \/>\nVattenbesparing: 677 l<br \/>\nCO\u2082-besparing: 0,5 kg<\/p>\n<p>99% mindre vatten och 50% mindre CO\u2082-utsl\u00e4pp j\u00e4mf\u00f6rt med produkter tillverkade av jungfruliga r\u00e5varor.<\/p>","protected":false},"excerpt":{"rendered":"<p>Vardagsv\u00e4ska tillverkad helt av \u00e5tervunnet material, liten Revolverino-logotyp p\u00e5 framsidan.<\/p>","protected":false},"featured_media":1337,"comment_status":"closed","ping_status":"closed","template":"","meta":{"_acf_changed":false},"product_brand":[201],"product_cat":[240],"product_tag":[195,199,198],"class_list":{"0":"post-1930","1":"product","2":"type-product","3":"status-publish","4":"has-post-thumbnail","6":"product_brand-pure-waste","7":"product_cat-torby","8":"product_tag-dziecko","9":"product_tag-kobieta","10":"product_tag-mezczyzna","12":"first","13":"instock","14":"purchasable","15":"product-type-variable"},"acf":[],"_links":{"self":[{"href":"https:\/\/revolverino.pl\/sv\/wp-json\/wp\/v2\/product\/1930","targetHints":{"allow":["GET"]}}],"collection":[{"href":"https:\/\/revolverino.pl\/sv\/wp-json\/wp\/v2\/product"}],"about":[{"href":"https:\/\/revolverino.pl\/sv\/wp-json\/wp\/v2\/types\/product"}],"replies":[{"embeddable":true,"href":"https:\/\/revolverino.pl\/sv\/wp-json\/wp\/v2\/comments?post=1930"}],"wp:featuredmedia":[{"embeddable":true,"href":"https:\/\/revolverino.pl\/sv\/wp-json\/wp\/v2\/media\/1337"}],"wp:attachment":[{"href":"https:\/\/revolverino.pl\/sv\/wp-json\/wp\/v2\/media?parent=1930"}],"wp:term":[{"taxonomy":"product_brand","embeddable":true,"href":"https:\/\/revolverino.pl\/sv\/wp-json\/wp\/v2\/product_brand?post=1930"},{"taxonomy":"product_cat","embeddable":true,"href":"https:\/\/revolverino.pl\/sv\/wp-json\/wp\/v2\/product_cat?post=1930"},{"taxonomy":"product_tag","embeddable":true,"href":"https:\/\/revolverino.pl\/sv\/wp-json\/wp\/v2\/product_tag?post=1930"}],"curies":[{"name":"wp","href":"https:\/\/api.w.org\/{rel}","templated":true}]}}