{"id":1923,"date":"2026-01-05T19:32:02","date_gmt":"2026-01-05T18:32:02","guid":{"rendered":"http:\/\/revolverino.pl\/?post_type=product&#038;p=1923"},"modified":"2026-04-15T17:12:29","modified_gmt":"2026-04-15T15:12:29","slug":"classic-t-shirt-naturvit-revolverino-atervunnen","status":"publish","type":"product","link":"https:\/\/revolverino.pl\/sv\/product\/classic-t-shirt-naturvit-revolverino-atervunnen\/","title":{"rendered":"Revolverino klassisk naturlig t-shirt \u2013 \u00e5tervunnen"},"content":{"rendered":"<p>Pure Waste unisex-t-shirten har en avslappnad passform och \u00e4r perfekt f\u00f6r alla. Rund halsringning med bred ribbad mudd. Tillverkad av \u00e5tervunnen bomull och \u00e5tervunna plastflaskor. <\/p>\n<p>Vi f\u00e4rgar inte v\u00e5ra produkter \u2013 de f\u00e5r sin f\u00e4rg fr\u00e5n bomullsavfallet de \u00e4r tillverkade av. Dessa milj\u00f6v\u00e4nliga t-shirts \u00e4r ansvarsfullt tillverkade i Indien. <\/p>\n<p>Tillverkad av \u00e5tervunnet material<br \/>\n60% \u00e5tervunnen bomull<br \/>\n40% \u00e5tervunnen polyester<\/p>\n<p>Observera att v\u00e5r \u00e5tervinningsprocess inte \u00e4r helt exakt, och v\u00e5ra produkter kan inneh\u00e5lla sm\u00e5 m\u00e4ngder fibrer i varierande f\u00e4rger. F\u00f6r oss \u00e4r dessa f\u00e4rgade fibrer ett utm\u00e4rkande drag som p\u00e5minner oss om v\u00e5ra produkters unika ursprung.<\/p>\n<p>Produktens ekologiska p\u00e5verkan:<br \/>\nVattenf\u00f6rbrukning: 1,2 l<br \/>\nKoldioxidutsl\u00e4pp: 1,1 kg<br \/>\nVattenbesparing: 1425 l<br \/>\nCO\u2082-besparingar: 1,0 kg<\/p>\n<p>99% mindre vatten och 50% mindre CO\u2082-utsl\u00e4pp j\u00e4mf\u00f6rt med produkter tillverkade av jungfruliga r\u00e5varor.<\/p>","protected":false},"excerpt":{"rendered":"<p>V\u00e5r klassiskt skurna T-shirt \u2013 tidl\u00f6s och bekv\u00e4m.<\/p>","protected":false},"featured_media":1256,"comment_status":"closed","ping_status":"closed","template":"","meta":{"_acf_changed":false},"product_brand":[201],"product_cat":[234],"product_tag":[],"class_list":{"0":"post-1923","1":"product","2":"type-product","3":"status-publish","4":"has-post-thumbnail","6":"product_brand-pure-waste","7":"product_cat-koszulki","9":"first","10":"instock","11":"purchasable","12":"product-type-variable"},"acf":[],"_links":{"self":[{"href":"https:\/\/revolverino.pl\/sv\/wp-json\/wp\/v2\/product\/1923","targetHints":{"allow":["GET"]}}],"collection":[{"href":"https:\/\/revolverino.pl\/sv\/wp-json\/wp\/v2\/product"}],"about":[{"href":"https:\/\/revolverino.pl\/sv\/wp-json\/wp\/v2\/types\/product"}],"replies":[{"embeddable":true,"href":"https:\/\/revolverino.pl\/sv\/wp-json\/wp\/v2\/comments?post=1923"}],"wp:featuredmedia":[{"embeddable":true,"href":"https:\/\/revolverino.pl\/sv\/wp-json\/wp\/v2\/media\/1256"}],"wp:attachment":[{"href":"https:\/\/revolverino.pl\/sv\/wp-json\/wp\/v2\/media?parent=1923"}],"wp:term":[{"taxonomy":"product_brand","embeddable":true,"href":"https:\/\/revolverino.pl\/sv\/wp-json\/wp\/v2\/product_brand?post=1923"},{"taxonomy":"product_cat","embeddable":true,"href":"https:\/\/revolverino.pl\/sv\/wp-json\/wp\/v2\/product_cat?post=1923"},{"taxonomy":"product_tag","embeddable":true,"href":"https:\/\/revolverino.pl\/sv\/wp-json\/wp\/v2\/product_tag?post=1923"}],"curies":[{"name":"wp","href":"https:\/\/api.w.org\/{rel}","templated":true}]}}