{"id":1454,"date":"2026-01-05T12:39:10","date_gmt":"2026-01-05T11:39:10","guid":{"rendered":"http:\/\/revolverino.pl\/product\/rib-beanie\/"},"modified":"2026-03-14T08:49:14","modified_gmt":"2026-03-14T07:49:14","slug":"prazkowana-czapka-beanie-recykling","status":"publish","type":"product","link":"https:\/\/revolverino.pl\/sv\/product\/prazkowana-czapka-beanie-recykling\/","title":{"rendered":"Ribbad m\u00f6ssa, \u00e5tervunnen"},"content":{"rendered":"<p>Denna unisexm\u00f6ssa \u00e4r tillverkad med en tv\u00e5lagers ribbad teknik, d\u00e4r det inre lagret fungerar som foder. En storlek passar alla, passar b\u00e5de kvinnor och m\u00e4n. Ansvarsfullt tillverkad i Bangladesh. Certifierad enligt Global Recycled Standard. <\/p>\n<p>Ljunggr\u00e5: 56% \u00e5tervunnen bomull, 40% \u00e5tervunnen polyester, 4% viskos. <\/p>\n<p>En storlek passar alla. Produktens ekologiska p\u00e5verkan:<br \/>\nVattenf\u00f6rbrukning: 0,6 l<br \/>\nKoldioxidutsl\u00e4pp: 0,5 kg<br \/>\nVattenbesparing: 677 l<br \/>\nCO\u2082-besparingar: 0,5 kg<\/p>\n<p>99% mindre vatten och 50% mindre CO\u2082-utsl\u00e4pp j\u00e4mf\u00f6rt med produkter tillverkade av jungfruliga r\u00e5varor.<\/p>","protected":false},"excerpt":{"rendered":"<p>En varm, unisex m\u00f6ssa tillverkad av \u00e5tervunnet material.<\/p>","protected":false},"featured_media":1911,"comment_status":"closed","ping_status":"closed","template":"","meta":{"_acf_changed":false},"product_brand":[201],"product_cat":[238],"product_tag":[195,199,198],"class_list":{"0":"post-1454","1":"product","2":"type-product","3":"status-publish","4":"has-post-thumbnail","6":"product_brand-pure-waste","7":"product_cat-czapki-i-kapelusze","8":"product_tag-dziecko","9":"product_tag-kobieta","10":"product_tag-mezczyzna","12":"first","13":"instock","14":"purchasable","15":"product-type-variable"},"acf":[],"_links":{"self":[{"href":"https:\/\/revolverino.pl\/sv\/wp-json\/wp\/v2\/product\/1454","targetHints":{"allow":["GET"]}}],"collection":[{"href":"https:\/\/revolverino.pl\/sv\/wp-json\/wp\/v2\/product"}],"about":[{"href":"https:\/\/revolverino.pl\/sv\/wp-json\/wp\/v2\/types\/product"}],"replies":[{"embeddable":true,"href":"https:\/\/revolverino.pl\/sv\/wp-json\/wp\/v2\/comments?post=1454"}],"wp:featuredmedia":[{"embeddable":true,"href":"https:\/\/revolverino.pl\/sv\/wp-json\/wp\/v2\/media\/1911"}],"wp:attachment":[{"href":"https:\/\/revolverino.pl\/sv\/wp-json\/wp\/v2\/media?parent=1454"}],"wp:term":[{"taxonomy":"product_brand","embeddable":true,"href":"https:\/\/revolverino.pl\/sv\/wp-json\/wp\/v2\/product_brand?post=1454"},{"taxonomy":"product_cat","embeddable":true,"href":"https:\/\/revolverino.pl\/sv\/wp-json\/wp\/v2\/product_cat?post=1454"},{"taxonomy":"product_tag","embeddable":true,"href":"https:\/\/revolverino.pl\/sv\/wp-json\/wp\/v2\/product_tag?post=1454"}],"curies":[{"name":"wp","href":"https:\/\/api.w.org\/{rel}","templated":true}]}}