{"id":1453,"date":"2026-01-05T11:39:10","date_gmt":"2026-01-05T11:39:10","guid":{"rendered":"http:\/\/revolverino.pl\/product\/waffle-knit-beanie\/"},"modified":"2026-03-27T18:40:16","modified_gmt":"2026-03-27T17:40:16","slug":"czapka-z-dzianiny-waflowej-z-recyklingu","status":"publish","type":"product","link":"https:\/\/revolverino.pl\/sv\/product\/czapka-z-dzianiny-waflowej-z-recyklingu\/","title":{"rendered":"V\u00e5ffelstickad m\u00f6ssa, \u00e5tervunnen"},"content":{"rendered":"<p>Denna unisexm\u00f6ssa \u00e4r tillverkad med en tv\u00e5lagers v\u00e5ffelstickningsteknik, d\u00e4r det inre lagret fungerar som foder. Den \u00e4r one size fits all och passar b\u00e5de m\u00e4n och kvinnor. J\u00e4mf\u00f6rt med sin jungfruliga motsvarighet anv\u00e4nder det \u00e5tervunna materialet 99% mindre vatten och genererar 50% mindre koldioxidutsl\u00e4pp. Tillverkad av \u00e5tervunnet material.<\/p>\n<p>60% \u00e5tervunnen bomull<br \/>\n40% \u00e5tervunnen polyester<\/p>\n<p>Produktens ekologiska p\u00e5verkan<br \/>\nVattenf\u00f6rbrukning 0,6 l<br \/>\nKoldioxidutsl\u00e4pp 0,5 kg<br \/>\nVatten sparat 677 l<br \/>\nKoldioxidutsl\u00e4pp sparade 0,5 kg<\/p>","protected":false},"excerpt":{"rendered":"<p>Ta czapka unisex zosta\u0142a wykonana technik\u0105 splotu waflowego z dwiema warstwami, gdzie warstwa wewn\u0119trzna stanowi podszewk\u0119.<br \/>\nn<br \/>\nnJest w uniwersalnym rozmiarze, odpowiednim zar\u00f3wno dla m\u0119\u017cczyzn, jak i kobiet.<\/p>","protected":false},"featured_media":1912,"comment_status":"closed","ping_status":"closed","template":"","meta":{"_acf_changed":false},"product_brand":[201],"product_cat":[238],"product_tag":[195,199,198],"class_list":{"0":"post-1453","1":"product","2":"type-product","3":"status-publish","4":"has-post-thumbnail","6":"product_brand-pure-waste","7":"product_cat-czapki-i-kapelusze","8":"product_tag-dziecko","9":"product_tag-kobieta","10":"product_tag-mezczyzna","12":"first","13":"instock","14":"purchasable","15":"product-type-variable"},"acf":[],"_links":{"self":[{"href":"https:\/\/revolverino.pl\/sv\/wp-json\/wp\/v2\/product\/1453","targetHints":{"allow":["GET"]}}],"collection":[{"href":"https:\/\/revolverino.pl\/sv\/wp-json\/wp\/v2\/product"}],"about":[{"href":"https:\/\/revolverino.pl\/sv\/wp-json\/wp\/v2\/types\/product"}],"replies":[{"embeddable":true,"href":"https:\/\/revolverino.pl\/sv\/wp-json\/wp\/v2\/comments?post=1453"}],"wp:featuredmedia":[{"embeddable":true,"href":"https:\/\/revolverino.pl\/sv\/wp-json\/wp\/v2\/media\/1912"}],"wp:attachment":[{"href":"https:\/\/revolverino.pl\/sv\/wp-json\/wp\/v2\/media?parent=1453"}],"wp:term":[{"taxonomy":"product_brand","embeddable":true,"href":"https:\/\/revolverino.pl\/sv\/wp-json\/wp\/v2\/product_brand?post=1453"},{"taxonomy":"product_cat","embeddable":true,"href":"https:\/\/revolverino.pl\/sv\/wp-json\/wp\/v2\/product_cat?post=1453"},{"taxonomy":"product_tag","embeddable":true,"href":"https:\/\/revolverino.pl\/sv\/wp-json\/wp\/v2\/product_tag?post=1453"}],"curies":[{"name":"wp","href":"https:\/\/api.w.org\/{rel}","templated":true}]}}