{"id":1452,"date":"2026-01-05T11:39:10","date_gmt":"2026-01-05T11:39:10","guid":{"rendered":"http:\/\/revolverino.pl\/product\/classic-cap\/"},"modified":"2026-03-27T18:40:03","modified_gmt":"2026-03-27T17:40:03","slug":"klasyczna-czapka-z-daszkiem-z-recyklingu","status":"publish","type":"product","link":"https:\/\/revolverino.pl\/sv\/product\/klasyczna-czapka-z-daszkiem-z-recyklingu\/","title":{"rendered":"Premium basebollkeps, \u00e5tervunnen"},"content":{"rendered":"<p>Denna keps \u00e4r tidl\u00f6s och har en bra passform. Tillverkad av 100% \u00e5tervunnet Pure Waste College-tyg, \u00e4r den behagligt mjuk. Denna one-size-fits-all-keps har en b\u00f6jd br\u00e4tte och en dragsko och metallsp\u00e4nne f\u00f6r en anpassad passform. J\u00e4mf\u00f6rt med en keps tillverkad av jungfruliga material, anv\u00e4nder man 99% mindre vatten och genererar 50% f\u00e4rre koldioxidutsl\u00e4pp vid tillverkning av en keps av \u00e5tervunnet material. Kepsen \u00e4r ansvarsfullt tillverkad i Bangladesh. Tillverkad av \u00e5tervunnet material.<\/p>\n<p>60% \u00e5tervunnen bomull<br \/>\n40% \u00e5tervunnen polyester<\/p>\n<p>Observera att v\u00e5r \u00e5tervinningsprocess inte \u00e4r helt exakt, och v\u00e5ra produkter kan inneh\u00e5lla sm\u00e5 m\u00e4ngder fibrer i varierande f\u00e4rger. I m\u00f6rka f\u00e4rger \u00e4r fibrer i varierande f\u00e4rger mindre synliga, men i ljusare f\u00e4rger \u00e4r de mer synliga. F\u00f6r oss \u00e4r dessa sm\u00e5 f\u00e4rgade fibrer i v\u00e5ra tyger en egenskap som p\u00e5minner oss om v\u00e5ra produkters unika ursprung. P\u00e5 grund av v\u00e5r tillverkningsprocess kan tyger i samma f\u00e4rg variera n\u00e5got i nyans. Vi f\u00e4rgar inte v\u00e5ra produkter; tygets f\u00e4rg kommer fr\u00e5n f\u00e4rgen p\u00e5 det avfall som anv\u00e4nds i dess produktion.<\/p>\n<p>Produktens ekologiska p\u00e5verkan<br \/>\nVattenf\u00f6rbrukning 0,3 l<br \/>\nKoldioxidutsl\u00e4pp 0,3 kg<br \/>\nVatten sparat 378 l<br \/>\nKoldioxidutsl\u00e4pp sparade 0,3 kg<\/p>","protected":false},"excerpt":{"rendered":"<p>#V\u00c4RDE!<\/p>","protected":false},"featured_media":1922,"comment_status":"closed","ping_status":"closed","template":"","meta":{"_acf_changed":false},"product_brand":[201],"product_cat":[238],"product_tag":[195,199,198],"class_list":{"0":"post-1452","1":"product","2":"type-product","3":"status-publish","4":"has-post-thumbnail","6":"product_brand-pure-waste","7":"product_cat-czapki-i-kapelusze","8":"product_tag-dziecko","9":"product_tag-kobieta","10":"product_tag-mezczyzna","12":"first","13":"instock","14":"purchasable","15":"product-type-variable"},"acf":[],"_links":{"self":[{"href":"https:\/\/revolverino.pl\/sv\/wp-json\/wp\/v2\/product\/1452","targetHints":{"allow":["GET"]}}],"collection":[{"href":"https:\/\/revolverino.pl\/sv\/wp-json\/wp\/v2\/product"}],"about":[{"href":"https:\/\/revolverino.pl\/sv\/wp-json\/wp\/v2\/types\/product"}],"replies":[{"embeddable":true,"href":"https:\/\/revolverino.pl\/sv\/wp-json\/wp\/v2\/comments?post=1452"}],"wp:featuredmedia":[{"embeddable":true,"href":"https:\/\/revolverino.pl\/sv\/wp-json\/wp\/v2\/media\/1922"}],"wp:attachment":[{"href":"https:\/\/revolverino.pl\/sv\/wp-json\/wp\/v2\/media?parent=1452"}],"wp:term":[{"taxonomy":"product_brand","embeddable":true,"href":"https:\/\/revolverino.pl\/sv\/wp-json\/wp\/v2\/product_brand?post=1452"},{"taxonomy":"product_cat","embeddable":true,"href":"https:\/\/revolverino.pl\/sv\/wp-json\/wp\/v2\/product_cat?post=1452"},{"taxonomy":"product_tag","embeddable":true,"href":"https:\/\/revolverino.pl\/sv\/wp-json\/wp\/v2\/product_tag?post=1452"}],"curies":[{"name":"wp","href":"https:\/\/api.w.org\/{rel}","templated":true}]}}