{"id":1375,"date":"2026-01-05T11:38:47","date_gmt":"2026-01-05T11:38:47","guid":{"rendered":"http:\/\/revolverino.pl\/product\/dedication-loose-fit-t-shirt\/"},"modified":"2026-04-29T12:02:02","modified_gmt":"2026-04-29T10:02:02","slug":"dedication-loose-fit-t-shirt-fornnordisk-design-atervunnen","status":"publish","type":"product","link":"https:\/\/revolverino.pl\/sv\/product\/dedication-loose-fit-t-shirt-fornnordisk-design-atervunnen\/","title":{"rendered":"Dedikation l\u00f6s T-shirt \u2013 fornnordiskt motiv, 100% \u00e5tervunnen"},"content":{"rendered":"<p>Produktbeskrivning<br \/>\nDen l\u00f6sa och avslappnade unisex-T-shirten fr\u00e5n Pure Waste passar alla. Den runda halsringningen avslutas med en bred ribbad mudd.<\/p>\n<p>T-shirten \u00e4r tillverkad av \u00e5tervunnen bomull och \u00e5tervunna plastflaskor. Vi f\u00e4rgar inte v\u00e5ra produkter; produktens f\u00e4rg beror p\u00e5 f\u00e4rgen p\u00e5 bomullsavfallet som de \u00e4r tillverkade av. Dessa milj\u00f6v\u00e4nliga T-shirts \u00e4r ansvarsfullt och etiskt producerade i Indien. Tillverkade av \u00e5tervunna r\u00e5varor.<\/p>\n<p>\u2022 60% \u00e5tervunnen bomull<br \/>\n\u2022 40% \u00e5tervunnen polyester<\/p>\n<p>Observera att v\u00e5r \u00e5tervinningsprocess inte \u00e4r helt korrekt, och v\u00e5ra produkter kan inneh\u00e5lla sm\u00e5 m\u00e4ngder f\u00e4rgade fibrer. F\u00f6r oss \u00e4r dessa sm\u00e5 f\u00e4rgade fibrer i v\u00e5ra tyger en egenskap som p\u00e5minner oss om v\u00e5ra produkters unika ursprung.<\/p>\n<p>Produktens p\u00e5verkan p\u00e5 milj\u00f6n:<br \/>\nVattenf\u00f6rbrukning: 1,2 l<br \/>\nKoldioxidutsl\u00e4pp: 1,1 kg<br \/>\nVattenbesparing: 1425 l<br \/>\nSparad koldioxid: 1,0 kg<\/p>\n<p>99% mindre vatten och 50% mindre koldioxidutsl\u00e4pp j\u00e4mf\u00f6rt med produkter tillverkade av jungfruliga r\u00e5varor.<\/p>","protected":false},"excerpt":{"rendered":"<p>Albo znajd\u0119 drog\u0119, albo j\u0105 stworz\u0119.<br \/>\n&#8211; Vindur Art<\/p>\n<p><strong>Kruki Odyna:<\/strong> Huginn (My\u015bl) i Muninn (Pami\u0119\u0107) symbolizuj\u0105 \u015bwiadomo\u015b\u0107. W interpretacji artysty kruki s\u0105 \u0142\u0105cznikami mi\u0119dzy \u015bwiatem sacrum a codzienno\u015bci\u0105, nios\u0105c wiedz\u0119, kt\u00f3ra przetrwa\u0142a pr\u00f3b\u0119 czasu.<\/p>","protected":false},"featured_media":1810,"comment_status":"closed","ping_status":"closed","template":"","meta":{"_acf_changed":false},"product_brand":[201],"product_cat":[234,253],"product_tag":[199,198],"class_list":{"0":"post-1375","1":"product","2":"type-product","3":"status-publish","4":"has-post-thumbnail","6":"product_brand-pure-waste","7":"product_cat-koszulki","8":"product_cat-nordyckie-wikingowe-koszulki","9":"product_tag-kobieta","10":"product_tag-mezczyzna","12":"first","13":"instock","14":"purchasable","15":"product-type-variable"},"acf":[],"_links":{"self":[{"href":"https:\/\/revolverino.pl\/sv\/wp-json\/wp\/v2\/product\/1375","targetHints":{"allow":["GET"]}}],"collection":[{"href":"https:\/\/revolverino.pl\/sv\/wp-json\/wp\/v2\/product"}],"about":[{"href":"https:\/\/revolverino.pl\/sv\/wp-json\/wp\/v2\/types\/product"}],"replies":[{"embeddable":true,"href":"https:\/\/revolverino.pl\/sv\/wp-json\/wp\/v2\/comments?post=1375"}],"wp:featuredmedia":[{"embeddable":true,"href":"https:\/\/revolverino.pl\/sv\/wp-json\/wp\/v2\/media\/1810"}],"wp:attachment":[{"href":"https:\/\/revolverino.pl\/sv\/wp-json\/wp\/v2\/media?parent=1375"}],"wp:term":[{"taxonomy":"product_brand","embeddable":true,"href":"https:\/\/revolverino.pl\/sv\/wp-json\/wp\/v2\/product_brand?post=1375"},{"taxonomy":"product_cat","embeddable":true,"href":"https:\/\/revolverino.pl\/sv\/wp-json\/wp\/v2\/product_cat?post=1375"},{"taxonomy":"product_tag","embeddable":true,"href":"https:\/\/revolverino.pl\/sv\/wp-json\/wp\/v2\/product_tag?post=1375"}],"curies":[{"name":"wp","href":"https:\/\/api.w.org\/{rel}","templated":true}]}}