{"id":766,"date":"2025-11-15T16:46:43","date_gmt":"2025-11-15T16:46:43","guid":{"rendered":"http:\/\/revolverino.pl\/?page_id=766"},"modified":"2026-03-14T10:42:37","modified_gmt":"2026-03-14T09:42:37","slug":"about-us","status":"publish","type":"page","link":"https:\/\/revolverino.pl\/sv\/about-us\/","title":{"rendered":"Om oss"},"content":{"rendered":"<section class=\"text-box has-margin-top\">\n    <div class=\"container\">\n        <div class=\"text-block-wysiwyg-content\">\n                            <h2 style=\"text-align: center\">Vi har en stark och genuin passion f\u00f6r kl\u00e4der.<\/h2>\n<h1 style=\"text-align: center\">Det \u00e4r just d\u00e4rf\u00f6r vi v\u00e4grar producera dem p\u00e5 det \u201cmoderna s\u00e4ttet\u201d.<\/h1>\n                    <\/div>\n    <\/div>\n<\/section>\n\n\n\n\n\n<section class=\"image-text-box has-margin-top has-margin-bottom\">\n    <div class=\"container\">\n        <div class=\"image-text-content\">\n            <div class=\"image-box\">\n                                    <img loading=\"lazy\" decoding=\"async\" width=\"1024\" height=\"683\" src=\"https:\/\/revolverino.pl\/wp-content\/uploads\/2025\/11\/pexels-shvetsa-6899173.jpg\" class=\"attachment-large size-large\" alt=\"\" srcset=\"https:\/\/revolverino.pl\/wp-content\/uploads\/2025\/11\/pexels-shvetsa-6899173.jpg 1920w, https:\/\/revolverino.pl\/wp-content\/uploads\/2025\/11\/pexels-shvetsa-6899173-1020x680.jpg 1020w\" sizes=\"auto, (max-width: 1024px) 100vw, 1024px\" \/>                            <\/div>\n            <div class=\"text-wrapper\">\n                                    <span class=\"subtitle\">\u2013 V\u00c5R BER\u00c4TTELSE \u2013<\/span>\n                                                    <h2>Tidl\u00f6sa kl\u00e4der i f\u00f6r\u00e4nderliga tider<\/h2>\n                                                    <p>Att producera tusentals identiska t-shirts i fabriker som saknar s\u00e4kerhets- och milj\u00f6standarder, anst\u00e4lla underbetalda kvinnor och barn \u2013 samtidigt som vi f\u00f6rgiftar marken och vattnet med kemikalier \u2013 bara f\u00f6r att en stor del av kollektionen ska g\u00e5 till spillo efter n\u00e5gra m\u00e5nader i butikshyllorna. F\u00f6r att inte tala om den l\u00e5ga kvaliteten p\u00e5 modernt massproducerat mode. Detta \u00e4r definitivt inte v\u00e5r stil. Det \u00e4r en hj\u00e4rtl\u00f6s inst\u00e4llning till kl\u00e4der. Vi m\u00e5 vara en liten, l\u00e5ngsam onlinebutik, men det hindrar oss inte fr\u00e5n att f\u00f6r\u00e4ndra modebranschen \u2013 ett cirkul\u00e4rt k\u00f6p i taget. V\u00e5ra grundprinciper \u00e4r enkla och de v\u00e4gleder oss genom hela f\u00f6retaget: k\u00f6p mindre, b\u00e4r l\u00e4ngre, betala r\u00e4ttvist. Foto: Anna Shvets<\/p>\n                                            <\/div>\n        <\/div>\n    <\/div>\n<\/section>","protected":false},"excerpt":{"rendered":"","protected":false},"author":6,"featured_media":0,"parent":0,"menu_order":0,"comment_status":"closed","ping_status":"closed","template":"","meta":{"_acf_changed":false,"footnotes":""},"class_list":["post-766","page","type-page","status-publish","hentry"],"acf":[],"_links":{"self":[{"href":"https:\/\/revolverino.pl\/sv\/wp-json\/wp\/v2\/pages\/766","targetHints":{"allow":["GET"]}}],"collection":[{"href":"https:\/\/revolverino.pl\/sv\/wp-json\/wp\/v2\/pages"}],"about":[{"href":"https:\/\/revolverino.pl\/sv\/wp-json\/wp\/v2\/types\/page"}],"author":[{"embeddable":true,"href":"https:\/\/revolverino.pl\/sv\/wp-json\/wp\/v2\/users\/6"}],"replies":[{"embeddable":true,"href":"https:\/\/revolverino.pl\/sv\/wp-json\/wp\/v2\/comments?post=766"}],"version-history":[{"count":33,"href":"https:\/\/revolverino.pl\/sv\/wp-json\/wp\/v2\/pages\/766\/revisions"}],"predecessor-version":[{"id":2514,"href":"https:\/\/revolverino.pl\/sv\/wp-json\/wp\/v2\/pages\/766\/revisions\/2514"}],"wp:attachment":[{"href":"https:\/\/revolverino.pl\/sv\/wp-json\/wp\/v2\/media?parent=766"}],"curies":[{"name":"wp","href":"https:\/\/api.w.org\/{rel}","templated":true}]}}