{"id":511,"date":"2025-11-05T19:12:12","date_gmt":"2025-11-05T19:12:12","guid":{"rendered":"http:\/\/revolverino.pl\/?page_id=511"},"modified":"2026-03-04T08:39:03","modified_gmt":"2026-03-04T07:39:03","slug":"cookie-policy","status":"publish","type":"page","link":"https:\/\/revolverino.pl\/sv\/cookie-policy\/","title":{"rendered":"Cookies policy"},"content":{"rendered":"<section class=\"text-box has-margin-top has-margin-bottom\">\n    <div class=\"container\">\n        <div class=\"text-block-wysiwyg-content\">\n                            <p><span lang=\"pl\"><b>Giltighetsdatum:<\/b><\/span><span lang=\"pl\">&nbsp;1 november 2025<\/span><\/p>\n<p>&nbsp;<\/p>\n<p><span lang=\"pl\"><b>1. Vad \u00e4r kakor?<\/b><\/span><span lang=\"pl\"><br \/>\nCookies \u00e4r sm\u00e5 textfiler som lagras p\u00e5 din enhet n\u00e4r du bes\u00f6ker en webbplats. De hj\u00e4lper oss att f\u00f6rb\u00e4ttra din webbupplevelse och tillhandah\u00e5lla b\u00e4ttre tj\u00e4nster.<\/span><\/p>\n<p>&nbsp;<\/p>\n<p><span lang=\"pl\"><b>2. Typer av cookies vi anv\u00e4nder<\/b><\/span><span lang=\"pl\"><br \/>\nVi anv\u00e4nder f\u00f6ljande typer av cookies:<\/span><\/p>\n<p><strong><span lang=\"pl\">Viktiga cookies<\/span><\/strong><span lang=\"pl\">Kr\u00e4vs f\u00f6r att webbplatsen ska fungera korrekt.<\/span><\/p>\n<p><strong><span lang=\"pl\">Prestandakakor<\/span><\/strong><span lang=\"pl\">De hj\u00e4lper oss att f\u00f6rst\u00e5 hur bes\u00f6kare anv\u00e4nder v\u00e5r webbplats.<\/span><\/p>\n<p><strong><span lang=\"pl\">Funktionella cookies<\/span><\/strong><span lang=\"pl\">De g\u00f6r att dina preferenser och inst\u00e4llningar kan kommas ih\u00e5g.<\/span><\/p>\n<p><strong><span lang=\"pl\">Riktade cookies<\/span><\/strong><span lang=\"pl\">Anv\u00e4nds f\u00f6r att visa relevanta annonser och inneh\u00e5ll.<\/span><\/p>\n<p>&nbsp;<\/p>\n<p><span lang=\"pl\"><b>3. Hantering av cookies<\/b><\/span><span lang=\"pl\"><br \/>\nDu kan hantera eller v\u00e4lja bort cookies i dina webbl\u00e4sarinst\u00e4llningar. Observera att inaktivering av vissa cookies kan p\u00e5verka din upplevelse p\u00e5 v\u00e5r webbplats.<\/span><\/p>\n<p>&nbsp;<\/p>\n<p><span lang=\"pl\"><b>4. Tredjepartscookies<\/b><\/span><span lang=\"pl\"><br \/>\nVi kan ocks\u00e5 anv\u00e4nda cookies fr\u00e5n tredje part, s\u00e5som Google Analytics och medieplattformar. Dessa cookies omfattas av deras respektive integritetspolicyer.<\/span><\/p>\n<p>&nbsp;<\/p>\n<p><span lang=\"pl\"><b>5. \u00c4ndringar i denna policy<\/b><\/span><span lang=\"pl\"><br \/>\nVi kan komma att uppdatera denna cookiepolicy fr\u00e5n tid till annan. Genom att forts\u00e4tta anv\u00e4nda v\u00e5r webbplats godk\u00e4nner du den uppdaterade policyn.<\/span><\/p>\n                    <\/div>\n    <\/div>\n<\/section>","protected":false},"excerpt":{"rendered":"","protected":false},"author":1,"featured_media":0,"parent":0,"menu_order":0,"comment_status":"closed","ping_status":"closed","template":"","meta":{"_acf_changed":false,"footnotes":""},"class_list":["post-511","page","type-page","status-publish","hentry"],"acf":[],"_links":{"self":[{"href":"https:\/\/revolverino.pl\/sv\/wp-json\/wp\/v2\/pages\/511","targetHints":{"allow":["GET"]}}],"collection":[{"href":"https:\/\/revolverino.pl\/sv\/wp-json\/wp\/v2\/pages"}],"about":[{"href":"https:\/\/revolverino.pl\/sv\/wp-json\/wp\/v2\/types\/page"}],"author":[{"embeddable":true,"href":"https:\/\/revolverino.pl\/sv\/wp-json\/wp\/v2\/users\/1"}],"replies":[{"embeddable":true,"href":"https:\/\/revolverino.pl\/sv\/wp-json\/wp\/v2\/comments?post=511"}],"version-history":[{"count":7,"href":"https:\/\/revolverino.pl\/sv\/wp-json\/wp\/v2\/pages\/511\/revisions"}],"predecessor-version":[{"id":2437,"href":"https:\/\/revolverino.pl\/sv\/wp-json\/wp\/v2\/pages\/511\/revisions\/2437"}],"wp:attachment":[{"href":"https:\/\/revolverino.pl\/sv\/wp-json\/wp\/v2\/media?parent=511"}],"curies":[{"name":"wp","href":"https:\/\/api.w.org\/{rel}","templated":true}]}}