{"id":3,"date":"2025-10-08T19:17:55","date_gmt":"2025-10-08T19:17:55","guid":{"rendered":"http:\/\/revolverino.pl\/?page_id=3"},"modified":"2026-03-04T14:35:32","modified_gmt":"2026-03-04T13:35:32","slug":"privacy-policy","status":"publish","type":"page","link":"https:\/\/revolverino.pl\/sv\/privacy-policy\/","title":{"rendered":"Integritetspolicy"},"content":{"rendered":"<section class=\"text-box has-margin-top has-margin-bottom\">\n    <div class=\"container\">\n        <div class=\"text-block-wysiwyg-content\">\n                            <p>Ikrafttr\u00e4dandedatum: 1 november 2025<\/p>\n<p>&nbsp;<\/p>\n<p>P\u00e5 Revolverino v\u00e4rnar vi om att skydda din integritet och s\u00e4kerst\u00e4ller s\u00e4ker och transparent behandling av dina personuppgifter i enlighet med den allm\u00e4nna dataskyddsf\u00f6rordningen (GDPR).<\/p>\n<p>&nbsp;<\/p>\n<p>1. Vilken information samlar vi in?<br \/>\nVi kan komma att samla in personuppgifter s\u00e5som ditt namn, din e-postadress, ditt telefonnummer och dina betalningsuppgifter n\u00e4r du skapar ett konto, g\u00f6r ett k\u00f6p eller kontaktar oss.<\/p>\n<p>&nbsp;<\/p>\n<p>2. Hur vi anv\u00e4nder dina uppgifter<br \/>\nDina uppgifter anv\u00e4nds f\u00f6r att:<\/p>\n<p>Leverans och hantering av dina best\u00e4llningar<\/p>\n<p>Kommunicera med dig om ditt konto eller dina k\u00f6p<\/p>\n<p>F\u00f6rb\u00e4ttra v\u00e5ra tj\u00e4nster och anv\u00e4ndarupplevelse<\/p>\n<p>Uppfyllande av r\u00e4ttsliga skyldigheter<\/p>\n<p>&nbsp;<\/p>\n<p>3. Dina r\u00e4ttigheter<br \/>\nEnligt GDPR har du r\u00e4tt att:<\/p>\n<p>\u00c5tkomst till dina personuppgifter<\/p>\n<p>Beg\u00e4r r\u00e4ttelse av dina personuppgifter<\/p>\n<p>Beg\u00e4r radering av dina personuppgifter<\/p>\n<p>Inv\u00e4ndning mot behandlingen av dina uppgifter<\/p>\n<p>\u00c5terkalla samtycke n\u00e4r som helst<\/p>\n<p>&nbsp;<\/p>\n<p>4. Datas\u00e4kerhet<br \/>\nVi vidtar l\u00e4mpliga \u00e5tg\u00e4rder f\u00f6r att skydda dina personuppgifter mot obeh\u00f6rig \u00e5tkomst, avsl\u00f6jande eller \u00e4ndring.<\/p>\n<p>&nbsp;<\/p>\n<p>5. Delning av data med tredje part<br \/>\nVi kan komma att dela dina uppgifter med tredje part, s\u00e5som betalningsleverant\u00f6rer eller budfirmor, endast i den utstr\u00e4ckning det \u00e4r n\u00f6dv\u00e4ndigt f\u00f6r att tillhandah\u00e5lla v\u00e5ra tj\u00e4nster.<\/p>\n<p>&nbsp;<\/p>\n<p>6. Kakor och sp\u00e5rning<br \/>\nF\u00f6r detaljerad information om hur vi anv\u00e4nder cookies och sp\u00e5rningstekniker, v\u00e4nligen se v\u00e5r cookiepolicy.<\/p>\n<p>&nbsp;<\/p>\n<p>7. \u00c4ndringar i denna policy<br \/>\nVi kan komma att uppdatera denna integritetspolicy fr\u00e5n tid till annan. Din fortsatta anv\u00e4ndning av v\u00e5r webbplats inneb\u00e4r att du godk\u00e4nner den uppdaterade policyn.<\/p>\n<p>&nbsp;<br \/>\n&nbsp;<\/p>\n<p><span style=\"color: #999999\">Administrat\u00f6r f\u00f6r dina personuppgifter \u00e4r Kamila Radwan \/ Revolverino, Fridhemsgatan 34, Stockholm<\/span><br \/>\n<span style=\"color: #999999\">SE960422470001<\/span><br \/>\n<span style=\"color: #999999\">Kontakt: info@revolverino.com<\/span><\/p>\n                    <\/div>\n    <\/div>\n<\/section>","protected":false},"excerpt":{"rendered":"","protected":false},"author":1,"featured_media":0,"parent":0,"menu_order":0,"comment_status":"closed","ping_status":"open","template":"","meta":{"_acf_changed":false,"footnotes":""},"class_list":["post-3","page","type-page","status-publish","hentry"],"acf":[],"_links":{"self":[{"href":"https:\/\/revolverino.pl\/sv\/wp-json\/wp\/v2\/pages\/3","targetHints":{"allow":["GET"]}}],"collection":[{"href":"https:\/\/revolverino.pl\/sv\/wp-json\/wp\/v2\/pages"}],"about":[{"href":"https:\/\/revolverino.pl\/sv\/wp-json\/wp\/v2\/types\/page"}],"author":[{"embeddable":true,"href":"https:\/\/revolverino.pl\/sv\/wp-json\/wp\/v2\/users\/1"}],"replies":[{"embeddable":true,"href":"https:\/\/revolverino.pl\/sv\/wp-json\/wp\/v2\/comments?post=3"}],"version-history":[{"count":17,"href":"https:\/\/revolverino.pl\/sv\/wp-json\/wp\/v2\/pages\/3\/revisions"}],"predecessor-version":[{"id":2455,"href":"https:\/\/revolverino.pl\/sv\/wp-json\/wp\/v2\/pages\/3\/revisions\/2455"}],"wp:attachment":[{"href":"https:\/\/revolverino.pl\/sv\/wp-json\/wp\/v2\/media?parent=3"}],"curies":[{"name":"wp","href":"https:\/\/api.w.org\/{rel}","templated":true}]}}